{"id":101,"date":"2020-11-18T20:27:25","date_gmt":"2020-11-18T20:27:25","guid":{"rendered":"http:\/\/cpmi.wpengine.com\/?page_id=101"},"modified":"2022-01-19T21:48:09","modified_gmt":"2022-01-19T21:48:09","slug":"dr-harold-minkowitz","status":"publish","type":"page","link":"https:\/\/hdresearch.org\/es\/about\/our-research-team\/dr-harold-minkowitz\/","title":{"rendered":"Dr. Harold Minkowitz"},"content":{"rendered":"<div data-elementor-type=\"wp-page\" data-elementor-id=\"101\" class=\"elementor elementor-101\" data-elementor-post-type=\"page\">\n\t\t\t\t\t\t<section class=\"elementor-section elementor-top-section elementor-element elementor-element-08df00b elementor-section-boxed elementor-section-height-default elementor-section-height-default\" data-id=\"08df00b\" data-element_type=\"section\" data-e-type=\"section\">\n\t\t\t\t\t\t<div class=\"elementor-container elementor-column-gap-wider\">\n\t\t\t\t\t<div class=\"elementor-column elementor-col-33 elementor-top-column elementor-element elementor-element-1a3caaf\" data-id=\"1a3caaf\" data-element_type=\"column\" data-e-type=\"column\">\n\t\t\t<div class=\"elementor-widget-wrap elementor-element-populated\">\n\t\t\t\t\t\t<div class=\"elementor-element elementor-element-a7f46d6 elementor-widget elementor-widget-image\" data-id=\"a7f46d6\" data-element_type=\"widget\" data-e-type=\"widget\" data-widget_type=\"image.default\">\n\t\t\t\t\t\t\t\t\t\t\t\t<figure class=\"wp-caption\">\n\t\t\t\t\t\t\t\t\t\t<img fetchpriority=\"high\" decoding=\"async\" width=\"450\" height=\"450\" src=\"https:\/\/hdresearch.org\/wp-content\/uploads\/2022\/01\/Harold-Minkowitz.jpeg\" class=\"attachment-medium_large size-medium_large wp-image-515\" alt=\"Dr. Harold Minkowitz\" srcset=\"https:\/\/hdresearch.org\/wp-content\/uploads\/2022\/01\/Harold-Minkowitz.jpeg 450w, https:\/\/hdresearch.org\/wp-content\/uploads\/2022\/01\/Harold-Minkowitz-300x300.jpeg 300w, https:\/\/hdresearch.org\/wp-content\/uploads\/2022\/01\/Harold-Minkowitz-150x150.jpeg 150w, https:\/\/hdresearch.org\/wp-content\/uploads\/2022\/01\/elementor\/thumbs\/Harold-Minkowitz-pimzxgse2hfvwdqfypvmwr0zduaui458gad5kobse8.jpeg 320w\" sizes=\"(max-width: 450px) 100vw, 450px\" \/>\t\t\t\t\t\t\t\t\t\t\t<figcaption class=\"widget-image-caption wp-caption-text\">Dr. Harold Minkowitz<\/figcaption>\n\t\t\t\t\t\t\t\t\t\t<\/figure>\n\t\t\t\t\t\t\t\t\t<\/div>\n\t\t\t\t\t<\/div>\n\t\t<\/div>\n\t\t\t\t<div class=\"elementor-column elementor-col-66 elementor-top-column elementor-element elementor-element-854a387\" data-id=\"854a387\" data-element_type=\"column\" data-e-type=\"column\">\n\t\t\t<div class=\"elementor-widget-wrap elementor-element-populated\">\n\t\t\t\t\t\t<div class=\"elementor-element elementor-element-876c754 elementor-widget elementor-widget-heading\" data-id=\"876c754\" data-element_type=\"widget\" data-e-type=\"widget\" data-widget_type=\"heading.default\">\n\t\t\t\t\t<h1 class=\"elementor-heading-title elementor-size-default\">Dr. Harold Minkowitz<\/h1>\t\t\t\t<\/div>\n\t\t\t\t<div class=\"elementor-element elementor-element-c8b9f88 elementor-widget elementor-widget-heading\" data-id=\"c8b9f88\" data-element_type=\"widget\" data-e-type=\"widget\" data-widget_type=\"heading.default\">\n\t\t\t\t\t<h2 class=\"elementor-heading-title elementor-size-default\">Director\/Investigador Cl\u00ednico<\/h2>\t\t\t\t<\/div>\n\t\t\t\t<div class=\"elementor-element elementor-element-270bd52 elementor-widget elementor-widget-text-editor\" data-id=\"270bd52\" data-element_type=\"widget\" data-e-type=\"widget\" data-widget_type=\"text-editor.default\">\n\t\t\t\t\t\t\t\t\tEl Dr. Minkowitz es un m\u00e9dico certificado con m\u00e1s de 25 a\u00f1os de experiencia cl\u00ednica. Ha participado activamente en investigaciones t\u00e9cnicas desde su residencia. Durante su permanencia cl\u00ednica, se desempe\u00f1\u00f3 como presidente del Departamento de Anestesiolog\u00eda del Memorial Hermann Memorial City Medical Center y particip\u00f3 en varios comit\u00e9s hospitalarios de atenci\u00f3n al paciente. Ha llevado a cabo casi 200 ensayos cl\u00ednicos y ha publicado y dado conferencias extensamente sobre estos temas de investigaci\u00f3n.\n\n\t\t\t\t\t\t\t\t<\/div>\n\t\t\t\t\t<\/div>\n\t\t<\/div>\n\t\t\t\t\t<\/div>\n\t\t<\/section>\n\t\t\t\t<\/div>","protected":false},"excerpt":{"rendered":"<p>Director\/Investigador cl\u00ednico El Dr. Minkowitz es un m\u00e9dico certificado con m\u00e1s de 25 a\u00f1os de experiencia cl\u00ednica. Ha participado activamente en investigaciones t\u00e9cnicas desde su residencia. Durante su permanencia cl\u00ednica, se desempe\u00f1\u00f3 como presidente del Departamento de Anestesiolog\u00eda del Memorial Hermann Memorial City Medical Center y particip\u00f3 en varios comit\u00e9s hospitalarios de atenci\u00f3n al paciente. Ha\u2026 <\/p>\n<p class=\"read-more-container\"><a title=\"Dr. Harold Minkowitz\" class=\"read-more button\" href=\"https:\/\/hdresearch.org\/es\/about\/our-research-team\/dr-harold-minkowitz\/#more-101\" aria-label=\"Leer m\u00e1s sobre Dr. Harold Minkowitz\">Lee mas<\/a><\/p>","protected":false},"author":1,"featured_media":0,"parent":17,"menu_order":0,"comment_status":"closed","ping_status":"closed","template":"","meta":{"footnotes":""},"class_list":["post-101","page","type-page","status-publish"],"yoast_head":"<!-- This site is optimized with the Yoast SEO plugin v27.4 - https:\/\/yoast.com\/product\/yoast-seo-wordpress\/ -->\n<title>Dr. Harold Minkowitz | HD Research in Dallas and Houston, Texas<\/title>\n<meta name=\"description\" content=\"Dr. Harold Minkowitz is the Director\/Clinical Investigator at HD Research in Dallas and Houston, Texas.\" \/>\n<meta name=\"robots\" content=\"index, follow, max-snippet:-1, max-image-preview:large, max-video-preview:-1\" \/>\n<link rel=\"canonical\" href=\"https:\/\/hdresearch.org\/es\/about\/our-research-team\/dr-harold-minkowitz\/\" \/>\n<meta property=\"og:locale\" content=\"es_MX\" \/>\n<meta property=\"og:type\" content=\"article\" \/>\n<meta property=\"og:title\" content=\"Dr. Harold Minkowitz | HD Research in Dallas and Houston, Texas\" \/>\n<meta property=\"og:description\" content=\"Dr. Harold Minkowitz is the Director\/Clinical Investigator at HD Research in Dallas and Houston, Texas.\" \/>\n<meta property=\"og:url\" content=\"https:\/\/hdresearch.org\/es\/about\/our-research-team\/dr-harold-minkowitz\/\" \/>\n<meta property=\"og:site_name\" content=\"HD Research\" \/>\n<meta property=\"article:modified_time\" content=\"2022-01-19T21:48:09+00:00\" \/>\n<meta property=\"og:image\" content=\"https:\/\/hdresearch.wpengine.com\/wp-content\/uploads\/2022\/01\/Harold-Minkowitz.jpeg\" \/>\n<meta name=\"twitter:card\" content=\"summary_large_image\" \/>\n<meta name=\"twitter:label1\" content=\"Tiempo de lectura\" \/>\n\t<meta name=\"twitter:data1\" content=\"1 minuto\" \/>\n<script type=\"application\/ld+json\" class=\"yoast-schema-graph\">{\"@context\":\"https:\\\/\\\/schema.org\",\"@graph\":[{\"@type\":\"WebPage\",\"@id\":\"https:\\\/\\\/hdresearch.org\\\/about\\\/our-research-team\\\/dr-harold-minkowitz\\\/\",\"url\":\"https:\\\/\\\/hdresearch.org\\\/about\\\/our-research-team\\\/dr-harold-minkowitz\\\/\",\"name\":\"Dr. Harold Minkowitz | HD Research in Dallas and Houston, Texas\",\"isPartOf\":{\"@id\":\"https:\\\/\\\/hdresearch.org\\\/#website\"},\"primaryImageOfPage\":{\"@id\":\"https:\\\/\\\/hdresearch.org\\\/about\\\/our-research-team\\\/dr-harold-minkowitz\\\/#primaryimage\"},\"image\":{\"@id\":\"https:\\\/\\\/hdresearch.org\\\/about\\\/our-research-team\\\/dr-harold-minkowitz\\\/#primaryimage\"},\"thumbnailUrl\":\"https:\\\/\\\/hdresearch.wpengine.com\\\/wp-content\\\/uploads\\\/2022\\\/01\\\/Harold-Minkowitz.jpeg\",\"datePublished\":\"2020-11-18T20:27:25+00:00\",\"dateModified\":\"2022-01-19T21:48:09+00:00\",\"description\":\"Dr. Harold Minkowitz is the Director\\\/Clinical Investigator at HD Research in Dallas and Houston, Texas.\",\"breadcrumb\":{\"@id\":\"https:\\\/\\\/hdresearch.org\\\/about\\\/our-research-team\\\/dr-harold-minkowitz\\\/#breadcrumb\"},\"inLanguage\":\"es\",\"potentialAction\":[{\"@type\":\"ReadAction\",\"target\":[\"https:\\\/\\\/hdresearch.org\\\/about\\\/our-research-team\\\/dr-harold-minkowitz\\\/\"]}]},{\"@type\":\"ImageObject\",\"inLanguage\":\"es\",\"@id\":\"https:\\\/\\\/hdresearch.org\\\/about\\\/our-research-team\\\/dr-harold-minkowitz\\\/#primaryimage\",\"url\":\"https:\\\/\\\/hdresearch.wpengine.com\\\/wp-content\\\/uploads\\\/2022\\\/01\\\/Harold-Minkowitz.jpeg\",\"contentUrl\":\"https:\\\/\\\/hdresearch.wpengine.com\\\/wp-content\\\/uploads\\\/2022\\\/01\\\/Harold-Minkowitz.jpeg\"},{\"@type\":\"BreadcrumbList\",\"@id\":\"https:\\\/\\\/hdresearch.org\\\/about\\\/our-research-team\\\/dr-harold-minkowitz\\\/#breadcrumb\",\"itemListElement\":[{\"@type\":\"ListItem\",\"position\":1,\"name\":\"Home\",\"item\":\"https:\\\/\\\/hdresearch.org\\\/\"},{\"@type\":\"ListItem\",\"position\":2,\"name\":\"About HD Research\",\"item\":\"https:\\\/\\\/hdresearch.org\\\/about\\\/\"},{\"@type\":\"ListItem\",\"position\":3,\"name\":\"Our Team\",\"item\":\"https:\\\/\\\/hdresearch.org\\\/about\\\/our-research-team\\\/\"},{\"@type\":\"ListItem\",\"position\":4,\"name\":\"Dr. Harold Minkowitz\"}]},{\"@type\":\"WebSite\",\"@id\":\"https:\\\/\\\/hdresearch.org\\\/#website\",\"url\":\"https:\\\/\\\/hdresearch.org\\\/\",\"name\":\"HD Research\",\"description\":\"Clinical research in Houston and Dallas, TX\",\"publisher\":{\"@id\":\"https:\\\/\\\/hdresearch.org\\\/#organization\"},\"potentialAction\":[{\"@type\":\"SearchAction\",\"target\":{\"@type\":\"EntryPoint\",\"urlTemplate\":\"https:\\\/\\\/hdresearch.org\\\/?s={search_term_string}\"},\"query-input\":{\"@type\":\"PropertyValueSpecification\",\"valueRequired\":true,\"valueName\":\"search_term_string\"}}],\"inLanguage\":\"es\"},{\"@type\":\"Organization\",\"@id\":\"https:\\\/\\\/hdresearch.org\\\/#organization\",\"name\":\"HD Research\",\"url\":\"https:\\\/\\\/hdresearch.org\\\/\",\"logo\":{\"@type\":\"ImageObject\",\"inLanguage\":\"es\",\"@id\":\"https:\\\/\\\/hdresearch.org\\\/#\\\/schema\\\/logo\\\/image\\\/\",\"url\":\"https:\\\/\\\/hdresearch.org\\\/wp-content\\\/uploads\\\/2020\\\/11\\\/HD-Research-LOGO-copy.webp\",\"contentUrl\":\"https:\\\/\\\/hdresearch.org\\\/wp-content\\\/uploads\\\/2020\\\/11\\\/HD-Research-LOGO-copy.webp\",\"width\":375,\"height\":363,\"caption\":\"HD Research\"},\"image\":{\"@id\":\"https:\\\/\\\/hdresearch.org\\\/#\\\/schema\\\/logo\\\/image\\\/\"}}]}<\/script>\n<!-- \/ Yoast SEO plugin. -->","yoast_head_json":{"title":"Dr. Harold Minkowitz | Investigaci\u00f3n sobre la EH en Dallas y Houston, Texas","description":"El Dr. Harold Minkowitz es el director\/investigador cl\u00ednico de HD Research en Dallas y Houston, Texas.","robots":{"index":"index","follow":"follow","max-snippet":"max-snippet:-1","max-image-preview":"max-image-preview:large","max-video-preview":"max-video-preview:-1"},"canonical":"https:\/\/hdresearch.org\/es\/about\/our-research-team\/dr-harold-minkowitz\/","og_locale":"es_MX","og_type":"article","og_title":"Dr. Harold Minkowitz | HD Research in Dallas and Houston, Texas","og_description":"Dr. Harold Minkowitz is the Director\/Clinical Investigator at HD Research in Dallas and Houston, Texas.","og_url":"https:\/\/hdresearch.org\/es\/about\/our-research-team\/dr-harold-minkowitz\/","og_site_name":"HD Research","article_modified_time":"2022-01-19T21:48:09+00:00","og_image":[{"url":"https:\/\/hdresearch.wpengine.com\/wp-content\/uploads\/2022\/01\/Harold-Minkowitz.jpeg","type":"","width":"","height":""}],"twitter_card":"summary_large_image","twitter_misc":{"Tiempo de lectura":"1 minuto"},"schema":{"@context":"https:\/\/schema.org","@graph":[{"@type":"WebPage","@id":"https:\/\/hdresearch.org\/about\/our-research-team\/dr-harold-minkowitz\/","url":"https:\/\/hdresearch.org\/about\/our-research-team\/dr-harold-minkowitz\/","name":"Dr. Harold Minkowitz | Investigaci\u00f3n sobre la EH en Dallas y Houston, Texas","isPartOf":{"@id":"https:\/\/hdresearch.org\/#website"},"primaryImageOfPage":{"@id":"https:\/\/hdresearch.org\/about\/our-research-team\/dr-harold-minkowitz\/#primaryimage"},"image":{"@id":"https:\/\/hdresearch.org\/about\/our-research-team\/dr-harold-minkowitz\/#primaryimage"},"thumbnailUrl":"https:\/\/hdresearch.wpengine.com\/wp-content\/uploads\/2022\/01\/Harold-Minkowitz.jpeg","datePublished":"2020-11-18T20:27:25+00:00","dateModified":"2022-01-19T21:48:09+00:00","description":"El Dr. Harold Minkowitz es el director\/investigador cl\u00ednico de HD Research en Dallas y Houston, Texas.","breadcrumb":{"@id":"https:\/\/hdresearch.org\/about\/our-research-team\/dr-harold-minkowitz\/#breadcrumb"},"inLanguage":"es","potentialAction":[{"@type":"ReadAction","target":["https:\/\/hdresearch.org\/about\/our-research-team\/dr-harold-minkowitz\/"]}]},{"@type":"ImageObject","inLanguage":"es","@id":"https:\/\/hdresearch.org\/about\/our-research-team\/dr-harold-minkowitz\/#primaryimage","url":"https:\/\/hdresearch.wpengine.com\/wp-content\/uploads\/2022\/01\/Harold-Minkowitz.jpeg","contentUrl":"https:\/\/hdresearch.wpengine.com\/wp-content\/uploads\/2022\/01\/Harold-Minkowitz.jpeg"},{"@type":"BreadcrumbList","@id":"https:\/\/hdresearch.org\/about\/our-research-team\/dr-harold-minkowitz\/#breadcrumb","itemListElement":[{"@type":"ListItem","position":1,"name":"Home","item":"https:\/\/hdresearch.org\/"},{"@type":"ListItem","position":2,"name":"About HD Research","item":"https:\/\/hdresearch.org\/about\/"},{"@type":"ListItem","position":3,"name":"Our Team","item":"https:\/\/hdresearch.org\/about\/our-research-team\/"},{"@type":"ListItem","position":4,"name":"Dr. Harold Minkowitz"}]},{"@type":"WebSite","@id":"https:\/\/hdresearch.org\/#website","url":"https:\/\/hdresearch.org\/","name":"Investigaci\u00f3n en EH","description":"Investigaci\u00f3n cl\u00ednica en Houston y Dallas, TX","publisher":{"@id":"https:\/\/hdresearch.org\/#organization"},"potentialAction":[{"@type":"SearchAction","target":{"@type":"EntryPoint","urlTemplate":"https:\/\/hdresearch.org\/?s={search_term_string}"},"query-input":{"@type":"PropertyValueSpecification","valueRequired":true,"valueName":"search_term_string"}}],"inLanguage":"es"},{"@type":"Organization","@id":"https:\/\/hdresearch.org\/#organization","name":"Investigaci\u00f3n en EH","url":"https:\/\/hdresearch.org\/","logo":{"@type":"ImageObject","inLanguage":"es","@id":"https:\/\/hdresearch.org\/#\/schema\/logo\/image\/","url":"https:\/\/hdresearch.org\/wp-content\/uploads\/2020\/11\/HD-Research-LOGO-copy.webp","contentUrl":"https:\/\/hdresearch.org\/wp-content\/uploads\/2020\/11\/HD-Research-LOGO-copy.webp","width":375,"height":363,"caption":"HD Research"},"image":{"@id":"https:\/\/hdresearch.org\/#\/schema\/logo\/image\/"}}]}},"_links":{"self":[{"href":"https:\/\/hdresearch.org\/es\/wp-json\/wp\/v2\/pages\/101","targetHints":{"allow":["GET"]}}],"collection":[{"href":"https:\/\/hdresearch.org\/es\/wp-json\/wp\/v2\/pages"}],"about":[{"href":"https:\/\/hdresearch.org\/es\/wp-json\/wp\/v2\/types\/page"}],"author":[{"embeddable":true,"href":"https:\/\/hdresearch.org\/es\/wp-json\/wp\/v2\/users\/1"}],"replies":[{"embeddable":true,"href":"https:\/\/hdresearch.org\/es\/wp-json\/wp\/v2\/comments?post=101"}],"version-history":[{"count":0,"href":"https:\/\/hdresearch.org\/es\/wp-json\/wp\/v2\/pages\/101\/revisions"}],"up":[{"embeddable":true,"href":"https:\/\/hdresearch.org\/es\/wp-json\/wp\/v2\/pages\/17"}],"wp:attachment":[{"href":"https:\/\/hdresearch.org\/es\/wp-json\/wp\/v2\/media?parent=101"}],"curies":[{"name":"gracias","href":"https:\/\/api.w.org\/{rel}","templated":true}]}}