{"id":12,"date":"2020-11-16T19:03:09","date_gmt":"2020-11-16T19:03:09","guid":{"rendered":"http:\/\/cpmi.wpengine.com\/?page_id=12"},"modified":"2024-12-09T20:21:29","modified_gmt":"2024-12-09T20:21:29","slug":"clinical-trials-participant-info","status":"publish","type":"page","link":"https:\/\/hdresearch.org\/es\/clinical-trials-participant-info\/","title":{"rendered":"Part\u00edcipe"},"content":{"rendered":"\t\t<div data-elementor-type=\"wp-page\" data-elementor-id=\"12\" class=\"elementor elementor-12\" data-elementor-post-type=\"page\">\n\t\t\t\t\t\t<section class=\"elementor-section elementor-top-section elementor-element elementor-element-83ef4c3 elementor-section-stretched elementor-section-boxed elementor-section-height-default elementor-section-height-default\" data-id=\"83ef4c3\" data-element_type=\"section\" data-e-type=\"section\" data-settings=\"{&quot;stretch_section&quot;:&quot;section-stretched&quot;,&quot;background_background&quot;:&quot;classic&quot;,&quot;background_motion_fx_motion_fx_scrolling&quot;:&quot;yes&quot;,&quot;background_motion_fx_translateY_effect&quot;:&quot;yes&quot;,&quot;shape_divider_bottom&quot;:&quot;arrow&quot;,&quot;shape_divider_bottom_negative&quot;:&quot;yes&quot;,&quot;background_motion_fx_translateY_speed&quot;:{&quot;unit&quot;:&quot;px&quot;,&quot;size&quot;:4,&quot;sizes&quot;:[]},&quot;background_motion_fx_translateY_affectedRange&quot;:{&quot;unit&quot;:&quot;%&quot;,&quot;size&quot;:&quot;&quot;,&quot;sizes&quot;:{&quot;start&quot;:0,&quot;end&quot;:100}},&quot;background_motion_fx_devices&quot;:[&quot;desktop&quot;,&quot;tablet&quot;,&quot;mobile&quot;]}\">\n\t\t\t\t\t\t\t<div class=\"elementor-background-overlay\"><\/div>\n\t\t\t\t\t\t<div class=\"elementor-shape elementor-shape-bottom\" aria-hidden=\"true\" data-negative=\"true\">\n\t\t\t<svg xmlns=\"http:\/\/www.w3.org\/2000\/svg\" viewBox=\"0 0 700 10\" preserveAspectRatio=\"none\">\n\t<path class=\"elementor-shape-fill\" d=\"M360 0L350 9.9 340 0 0 0 0 10 700 10 700 0\"\/>\n<\/svg>\t\t<\/div>\n\t\t\t\t\t<div class=\"elementor-container elementor-column-gap-default\">\n\t\t\t\t\t<div class=\"elementor-column elementor-col-50 elementor-top-column elementor-element elementor-element-ef95af2\" data-id=\"ef95af2\" data-element_type=\"column\" data-e-type=\"column\">\n\t\t\t<div class=\"elementor-widget-wrap elementor-element-populated\">\n\t\t\t\t\t\t<div class=\"elementor-element elementor-element-8484286 elementor-invisible elementor-widget elementor-widget-heading\" data-id=\"8484286\" data-element_type=\"widget\" data-e-type=\"widget\" data-settings=\"{&quot;_animation&quot;:&quot;zoomIn&quot;}\" data-widget_type=\"heading.default\">\n\t\t\t\t\t<h1 class=\"elementor-heading-title elementor-size-default\">Apply to Participate!<\/h1>\t\t\t\t<\/div>\n\t\t\t\t<div class=\"elementor-element elementor-element-9a66c87 elementor-invisible elementor-widget elementor-widget-heading\" data-id=\"9a66c87\" data-element_type=\"widget\" data-e-type=\"widget\" data-settings=\"{&quot;_animation&quot;:&quot;fadeIn&quot;}\" data-widget_type=\"heading.default\">\n\t\t\t\t\t<h3 class=\"elementor-heading-title elementor-size-default\">Clinical research studies can be a great opportunity for people to receive medical services at no cost and to learn more about their medical condition. When you volunteer for <a href=\"https:\/\/www.ergclinical.com\/\" target=\"_blank\">medical research studies<\/a>, in most cases, you are compensated for your time and travel commitments in the form of a stipend. Contact us for more clinical trials participant information. Click below to find clinical trials participant information and our enrolling studies.<\/h3>\t\t\t\t<\/div>\n\t\t\t\t<div class=\"elementor-element elementor-element-64f59d4 elementor-align-center elementor-mobile-align-justify elementor-invisible elementor-widget elementor-widget-button\" data-id=\"64f59d4\" data-element_type=\"widget\" data-e-type=\"widget\" data-settings=\"{&quot;_animation&quot;:&quot;zoomIn&quot;}\" data-widget_type=\"button.default\">\n\t\t\t\t\t\t\t\t\t\t<a class=\"elementor-button elementor-button-link elementor-size-xl elementor-animation-grow\" href=\"\/studies\/\">\n\t\t\t\t\t\t<span class=\"elementor-button-content-wrapper\">\n\t\t\t\t\t\t<span class=\"elementor-button-icon\">\n\t\t\t\t<i aria-hidden=\"true\" class=\"fas fa-search\"><\/i>\t\t\t<\/span>\n\t\t\t\t\t\t\t\t\t<span class=\"elementor-button-text\">Currently Enrolling Studies<\/span>\n\t\t\t\t\t<\/span>\n\t\t\t\t\t<\/a>\n\t\t\t\t\t\t\t\t<\/div>\n\t\t\t\t\t<\/div>\n\t\t<\/div>\n\t\t\t\t<div class=\"elementor-column elementor-col-50 elementor-top-column elementor-element elementor-element-5605f63\" data-id=\"5605f63\" data-element_type=\"column\" data-e-type=\"column\">\n\t\t\t<div class=\"elementor-widget-wrap\">\n\t\t\t\t\t\t\t<\/div>\n\t\t<\/div>\n\t\t\t\t\t<\/div>\n\t\t<\/section>\n\t\t\t\t<section class=\"elementor-section elementor-top-section elementor-element elementor-element-306a7d0 elementor-section-boxed elementor-section-height-default elementor-section-height-default\" data-id=\"306a7d0\" data-element_type=\"section\" data-e-type=\"section\">\n\t\t\t\t\t\t<div class=\"elementor-container elementor-column-gap-wider\">\n\t\t\t\t\t<div class=\"elementor-column elementor-col-33 elementor-top-column elementor-element elementor-element-87e68c3\" data-id=\"87e68c3\" data-element_type=\"column\" data-e-type=\"column\">\n\t\t\t<div class=\"elementor-widget-wrap elementor-element-populated\">\n\t\t\t\t\t\t<div class=\"elementor-element elementor-element-e2d0963 elementor-invisible elementor-widget elementor-widget-image\" data-id=\"e2d0963\" data-element_type=\"widget\" data-e-type=\"widget\" data-settings=\"{&quot;_animation&quot;:&quot;fadeIn&quot;}\" data-widget_type=\"image.default\">\n\t\t\t\t\t\t\t\t\t\t\t\t\t\t\t<img fetchpriority=\"high\" decoding=\"async\" width=\"768\" height=\"513\" src=\"https:\/\/hdresearch.org\/wp-content\/uploads\/2022\/01\/AdobeStock_312932781-768x513.jpeg\" class=\"attachment-medium_large size-medium_large wp-image-577\" alt=\"Smiling doctor speaking with patient\" srcset=\"https:\/\/hdresearch.org\/wp-content\/uploads\/2022\/01\/AdobeStock_312932781-768x513.jpeg 768w, https:\/\/hdresearch.org\/wp-content\/uploads\/2022\/01\/AdobeStock_312932781-300x200.jpeg 300w, https:\/\/hdresearch.org\/wp-content\/uploads\/2022\/01\/AdobeStock_312932781.jpeg 1000w\" sizes=\"(max-width: 768px) 100vw, 768px\" \/>\t\t\t\t\t\t\t\t\t\t\t\t\t\t\t<\/div>\n\t\t\t\t<div class=\"elementor-element elementor-element-7980307 elementor-invisible elementor-widget elementor-widget-heading\" data-id=\"7980307\" data-element_type=\"widget\" data-e-type=\"widget\" data-settings=\"{&quot;_animation&quot;:&quot;fadeIn&quot;}\" data-widget_type=\"heading.default\">\n\t\t\t\t\t<h3 class=\"elementor-heading-title elementor-size-default\">What's a Clinical Trial?<\/h3>\t\t\t\t<\/div>\n\t\t\t\t<div class=\"elementor-element elementor-element-20aacc9 elementor-align-center elementor-invisible elementor-widget elementor-widget-button\" data-id=\"20aacc9\" data-element_type=\"widget\" data-e-type=\"widget\" data-settings=\"{&quot;_animation&quot;:&quot;zoomIn&quot;}\" data-widget_type=\"button.default\">\n\t\t\t\t\t\t\t\t\t\t<a class=\"elementor-button elementor-button-link elementor-size-md elementor-animation-grow\" href=\"\/volunteer-info\/whats-a-clinical-trial\/\">\n\t\t\t\t\t\t<span class=\"elementor-button-content-wrapper\">\n\t\t\t\t\t\t<span class=\"elementor-button-icon\">\n\t\t\t\t<i aria-hidden=\"true\" class=\"fas fa-chevron-right\"><\/i>\t\t\t<\/span>\n\t\t\t\t\t\t\t\t\t<span class=\"elementor-button-text\">Learn More<\/span>\n\t\t\t\t\t<\/span>\n\t\t\t\t\t<\/a>\n\t\t\t\t\t\t\t\t<\/div>\n\t\t\t\t\t<\/div>\n\t\t<\/div>\n\t\t\t\t<div class=\"elementor-column elementor-col-33 elementor-top-column elementor-element elementor-element-8a062a7\" data-id=\"8a062a7\" data-element_type=\"column\" data-e-type=\"column\">\n\t\t\t<div class=\"elementor-widget-wrap elementor-element-populated\">\n\t\t\t\t\t\t<div class=\"elementor-element elementor-element-6ddc9fc elementor-invisible elementor-widget elementor-widget-image\" data-id=\"6ddc9fc\" data-element_type=\"widget\" data-e-type=\"widget\" data-settings=\"{&quot;_animation&quot;:&quot;fadeIn&quot;}\" data-widget_type=\"image.default\">\n\t\t\t\t\t\t\t\t\t\t\t\t\t\t\t<img decoding=\"async\" width=\"768\" height=\"512\" src=\"https:\/\/hdresearch.org\/wp-content\/uploads\/2022\/01\/AdobeStock_262523835-768x512.jpeg\" class=\"attachment-medium_large size-medium_large wp-image-578\" alt=\"Group of people with hands together\" srcset=\"https:\/\/hdresearch.org\/wp-content\/uploads\/2022\/01\/AdobeStock_262523835-768x512.jpeg 768w, https:\/\/hdresearch.org\/wp-content\/uploads\/2022\/01\/AdobeStock_262523835-300x200.jpeg 300w, https:\/\/hdresearch.org\/wp-content\/uploads\/2022\/01\/AdobeStock_262523835.jpeg 1000w\" sizes=\"(max-width: 768px) 100vw, 768px\" \/>\t\t\t\t\t\t\t\t\t\t\t\t\t\t\t<\/div>\n\t\t\t\t<div class=\"elementor-element elementor-element-b927c0c elementor-invisible elementor-widget elementor-widget-heading\" data-id=\"b927c0c\" data-element_type=\"widget\" data-e-type=\"widget\" data-settings=\"{&quot;_animation&quot;:&quot;fadeIn&quot;}\" data-widget_type=\"heading.default\">\n\t\t\t\t\t<h3 class=\"elementor-heading-title elementor-size-default\">Why Participate?<\/h3>\t\t\t\t<\/div>\n\t\t\t\t<div class=\"elementor-element elementor-element-3a986c9 elementor-align-center elementor-invisible elementor-widget elementor-widget-button\" data-id=\"3a986c9\" data-element_type=\"widget\" data-e-type=\"widget\" data-settings=\"{&quot;_animation&quot;:&quot;zoomIn&quot;}\" data-widget_type=\"button.default\">\n\t\t\t\t\t\t\t\t\t\t<a class=\"elementor-button elementor-button-link elementor-size-md elementor-animation-grow\" href=\"\/volunteer-info\/why-participate\/\">\n\t\t\t\t\t\t<span class=\"elementor-button-content-wrapper\">\n\t\t\t\t\t\t<span class=\"elementor-button-icon\">\n\t\t\t\t<i aria-hidden=\"true\" class=\"fas fa-chevron-right\"><\/i>\t\t\t<\/span>\n\t\t\t\t\t\t\t\t\t<span class=\"elementor-button-text\">Learn More<\/span>\n\t\t\t\t\t<\/span>\n\t\t\t\t\t<\/a>\n\t\t\t\t\t\t\t\t<\/div>\n\t\t\t\t\t<\/div>\n\t\t<\/div>\n\t\t\t\t<div class=\"elementor-column elementor-col-33 elementor-top-column elementor-element elementor-element-069ada1\" data-id=\"069ada1\" data-element_type=\"column\" data-e-type=\"column\">\n\t\t\t<div class=\"elementor-widget-wrap elementor-element-populated\">\n\t\t\t\t\t\t<div class=\"elementor-element elementor-element-78da810 elementor-invisible elementor-widget elementor-widget-image\" data-id=\"78da810\" data-element_type=\"widget\" data-e-type=\"widget\" data-settings=\"{&quot;_animation&quot;:&quot;fadeIn&quot;}\" data-widget_type=\"image.default\">\n\t\t\t\t\t\t\t\t\t\t\t\t\t\t\t<img decoding=\"async\" width=\"768\" height=\"513\" src=\"https:\/\/hdresearch.org\/wp-content\/uploads\/2022\/01\/AdobeStock_314670893-768x513.jpeg\" class=\"attachment-medium_large size-medium_large wp-image-580\" alt=\"Doctor working on laptop\" srcset=\"https:\/\/hdresearch.org\/wp-content\/uploads\/2022\/01\/AdobeStock_314670893-768x513.jpeg 768w, https:\/\/hdresearch.org\/wp-content\/uploads\/2022\/01\/AdobeStock_314670893-300x200.jpeg 300w, https:\/\/hdresearch.org\/wp-content\/uploads\/2022\/01\/AdobeStock_314670893.jpeg 1000w\" sizes=\"(max-width: 768px) 100vw, 768px\" \/>\t\t\t\t\t\t\t\t\t\t\t\t\t\t\t<\/div>\n\t\t\t\t<div class=\"elementor-element elementor-element-89e8866 elementor-invisible elementor-widget elementor-widget-heading\" data-id=\"89e8866\" data-element_type=\"widget\" data-e-type=\"widget\" data-settings=\"{&quot;_animation&quot;:&quot;fadeIn&quot;}\" data-widget_type=\"heading.default\">\n\t\t\t\t\t<h3 class=\"elementor-heading-title elementor-size-default\">FAQ<\/h3>\t\t\t\t<\/div>\n\t\t\t\t<div class=\"elementor-element elementor-element-df0dd1e elementor-align-center elementor-invisible elementor-widget elementor-widget-button\" data-id=\"df0dd1e\" data-element_type=\"widget\" data-e-type=\"widget\" data-settings=\"{&quot;_animation&quot;:&quot;zoomIn&quot;}\" data-widget_type=\"button.default\">\n\t\t\t\t\t\t\t\t\t\t<a class=\"elementor-button elementor-button-link elementor-size-md elementor-animation-grow\" href=\"https:\/\/hdresearch.org\/\/clinical-trials-participant-info\/clinical-trials-frequently-asked-questions\/\">\n\t\t\t\t\t\t<span class=\"elementor-button-content-wrapper\">\n\t\t\t\t\t\t<span class=\"elementor-button-icon\">\n\t\t\t\t<i aria-hidden=\"true\" class=\"fas fa-chevron-right\"><\/i>\t\t\t<\/span>\n\t\t\t\t\t\t\t\t\t<span class=\"elementor-button-text\">Learn More<\/span>\n\t\t\t\t\t<\/span>\n\t\t\t\t\t<\/a>\n\t\t\t\t\t\t\t\t<\/div>\n\t\t\t\t\t<\/div>\n\t\t<\/div>\n\t\t\t\t\t<\/div>\n\t\t<\/section>\n\t\t\t\t<section class=\"elementor-section elementor-top-section elementor-element elementor-element-85699b6 elementor-section-boxed elementor-section-height-default elementor-section-height-default\" data-id=\"85699b6\" data-element_type=\"section\" data-e-type=\"section\">\n\t\t\t\t\t\t<div class=\"elementor-container elementor-column-gap-default\">\n\t\t\t\t\t<div class=\"elementor-column elementor-col-100 elementor-top-column elementor-element elementor-element-207ca7d\" data-id=\"207ca7d\" data-element_type=\"column\" data-e-type=\"column\">\n\t\t\t<div class=\"elementor-widget-wrap\">\n\t\t\t\t\t\t\t<\/div>\n\t\t<\/div>\n\t\t\t\t\t<\/div>\n\t\t<\/section>\n\t\t\t\t<section class=\"elementor-section elementor-top-section elementor-element elementor-element-777d1ff elementor-section-boxed elementor-section-height-default elementor-section-height-default\" data-id=\"777d1ff\" data-element_type=\"section\" data-e-type=\"section\">\n\t\t\t\t\t\t<div class=\"elementor-container elementor-column-gap-default\">\n\t\t\t\t\t<div class=\"elementor-column elementor-col-100 elementor-top-column elementor-element elementor-element-d61383a\" data-id=\"d61383a\" data-element_type=\"column\" data-e-type=\"column\">\n\t\t\t<div class=\"elementor-widget-wrap elementor-element-populated\">\n\t\t\t\t\t\t<div class=\"elementor-element elementor-element-fa1194b elementor-widget elementor-widget-testimonial\" data-id=\"fa1194b\" data-element_type=\"widget\" data-e-type=\"widget\" data-widget_type=\"testimonial.default\">\n\t\t\t\t\t\t\t<div class=\"elementor-testimonial-wrapper\">\n\t\t\t\t\t\t\t<div class=\"elementor-testimonial-content\">From the moment I arrived at First Surgical Hospital, I was met with kindness and professionalism that immediately put me at ease. From sweet darling Michelle who took the time to explain everything in detail and answered each question I had to ease anxiety. You can tell this young lady is extremely passionate about her job. She always has a smile on her face and the most positive and welcoming vibe. Now for Miss Michele who works in the lab is the GOAT (Greatest Of All Time) with those blood draws. I am terrified of needless and told her that. She is so warm and nurturing. I did not feel a thing. Sweetheart Yobani is an absolute darling. He had to place the EKG stickers on me after surgery, my husband was very impressed the way he handled my privacy. Miss Sheila, Miss Joyce and Anzara were my nurses. All 3 were always so kind and gentle. Whenever I needed anything they would always go above and beyond to help me and never made me feel as if I was a burden. Chelsey with the research team was absolutely amazing. She is so sweet and attentive, super professional and knowledgeable. Jeanine is the best smelling nurse I\u2019ve ever encountered. She has amazing bedside manners. I am terrified of needles and something was wrong with the line. I told her it was ok to take it out and try again. She worked her magic and the line started working so she didn\u2019t have to stick me again. Each member of the medical staff demonstrated not only their expertise but also a genuine compassion that made a world of difference in my experience. Your dedication to your patients is truly inspiring, and I felt cared for every step of the way.\n<\/div>\n\t\t\t\n\t\t\t\t\t\t<div class=\"elementor-testimonial-meta\">\n\t\t\t\t<div class=\"elementor-testimonial-meta-inner\">\n\t\t\t\t\t\n\t\t\t\t\t\t\t\t\t\t<div class=\"elementor-testimonial-details\">\n\t\t\t\t\t\t\t\t\t\t\t\t\t\t<div class=\"elementor-testimonial-name\">Juline M<\/div>\n\t\t\t\t\t\t\t\t\t\t\t\t\t\t\t\t\t\t\t\t\t\t<div class=\"elementor-testimonial-job\">Patient<\/div>\n\t\t\t\t\t\t\t\t\t\t\t\t\t<\/div>\n\t\t\t\t\t\t\t\t\t<\/div>\n\t\t\t<\/div>\n\t\t\t\t\t<\/div>\n\t\t\t\t\t\t<\/div>\n\t\t\t\t\t<\/div>\n\t\t<\/div>\n\t\t\t\t\t<\/div>\n\t\t<\/section>\n\t\t\t\t<\/div>\n\t\t","protected":false},"excerpt":{"rendered":"<p>\u00a1Inscr\u00edbase para participar! Los estudios de investigaci\u00f3n cl\u00ednica pueden ser una gran oportunidad para que las personas reciban servicios m\u00e9dicos sin costo y aprendan m\u00e1s sobre su condici\u00f3n m\u00e9dica. Cuando se ofrece como voluntario para estudios de investigaci\u00f3n m\u00e9dica, en la mayor\u00eda de los casos, se le compensa por su tiempo y sus compromisos de viaje en forma de estipendio. Cont\u00e1ctenos... <\/p>\n<p class=\"read-more-container\"><a title=\"Part\u00edcipe\" class=\"read-more button\" href=\"https:\/\/hdresearch.org\/es\/clinical-trials-participant-info\/#more-12\" aria-label=\"Leer m\u00e1s sobre Informaci\u00f3n del participante\">Lee mas<\/a><\/p>","protected":false},"author":1,"featured_media":0,"parent":0,"menu_order":0,"comment_status":"closed","ping_status":"closed","template":"","meta":{"footnotes":""},"class_list":["post-12","page","type-page","status-publish"],"yoast_head":"<!-- This site is optimized with the Yoast SEO plugin v27.4 - https:\/\/yoast.com\/product\/yoast-seo-wordpress\/ -->\n<title>Clinical Trials Participant Information | HD Research in Dallas and Houston<\/title>\n<meta name=\"description\" content=\"Clinical trials participant information - Find out more about participating in a clinical trial and how to make a decision about enrolling.\" \/>\n<meta name=\"robots\" content=\"index, follow, max-snippet:-1, max-image-preview:large, max-video-preview:-1\" \/>\n<link rel=\"canonical\" href=\"https:\/\/hdresearch.org\/es\/clinical-trials-participant-info\/\" \/>\n<meta property=\"og:locale\" content=\"es_MX\" \/>\n<meta property=\"og:type\" content=\"article\" \/>\n<meta property=\"og:title\" content=\"Clinical Trials Participant Information | HD Research in Dallas and Houston\" \/>\n<meta property=\"og:description\" content=\"Clinical trials participant information - Find out more about participating in a clinical trial and how to make a decision about enrolling.\" \/>\n<meta property=\"og:url\" content=\"https:\/\/hdresearch.org\/es\/clinical-trials-participant-info\/\" \/>\n<meta property=\"og:site_name\" content=\"HD Research\" \/>\n<meta property=\"article:modified_time\" content=\"2024-12-09T20:21:29+00:00\" \/>\n<meta property=\"og:image\" content=\"https:\/\/hdresearch.org\/wp-content\/uploads\/2022\/01\/AdobeStock_312932781.jpeg\" \/>\n\t<meta property=\"og:image:width\" content=\"1000\" \/>\n\t<meta property=\"og:image:height\" content=\"668\" \/>\n\t<meta property=\"og:image:type\" content=\"image\/jpeg\" \/>\n<meta name=\"twitter:card\" content=\"summary_large_image\" \/>\n<meta name=\"twitter:label1\" content=\"Tiempo de lectura\" \/>\n\t<meta name=\"twitter:data1\" content=\"3 minutos\" \/>\n<script type=\"application\/ld+json\" class=\"yoast-schema-graph\">{\"@context\":\"https:\\\/\\\/schema.org\",\"@graph\":[{\"@type\":\"WebPage\",\"@id\":\"https:\\\/\\\/hdresearch.org\\\/clinical-trials-participant-info\\\/\",\"url\":\"https:\\\/\\\/hdresearch.org\\\/clinical-trials-participant-info\\\/\",\"name\":\"Clinical Trials Participant Information | HD Research in Dallas and Houston\",\"isPartOf\":{\"@id\":\"https:\\\/\\\/hdresearch.org\\\/#website\"},\"primaryImageOfPage\":{\"@id\":\"https:\\\/\\\/hdresearch.org\\\/clinical-trials-participant-info\\\/#primaryimage\"},\"image\":{\"@id\":\"https:\\\/\\\/hdresearch.org\\\/clinical-trials-participant-info\\\/#primaryimage\"},\"thumbnailUrl\":\"https:\\\/\\\/hdresearch.org\\\/wp-content\\\/uploads\\\/2022\\\/01\\\/AdobeStock_312932781-768x513.jpeg\",\"datePublished\":\"2020-11-16T19:03:09+00:00\",\"dateModified\":\"2024-12-09T20:21:29+00:00\",\"description\":\"Clinical trials participant information - Find out more about participating in a clinical trial and how to make a decision about enrolling.\",\"breadcrumb\":{\"@id\":\"https:\\\/\\\/hdresearch.org\\\/clinical-trials-participant-info\\\/#breadcrumb\"},\"inLanguage\":\"es\",\"potentialAction\":[{\"@type\":\"ReadAction\",\"target\":[\"https:\\\/\\\/hdresearch.org\\\/clinical-trials-participant-info\\\/\"]}]},{\"@type\":\"ImageObject\",\"inLanguage\":\"es\",\"@id\":\"https:\\\/\\\/hdresearch.org\\\/clinical-trials-participant-info\\\/#primaryimage\",\"url\":\"https:\\\/\\\/hdresearch.org\\\/wp-content\\\/uploads\\\/2022\\\/01\\\/AdobeStock_312932781-768x513.jpeg\",\"contentUrl\":\"https:\\\/\\\/hdresearch.org\\\/wp-content\\\/uploads\\\/2022\\\/01\\\/AdobeStock_312932781-768x513.jpeg\"},{\"@type\":\"BreadcrumbList\",\"@id\":\"https:\\\/\\\/hdresearch.org\\\/clinical-trials-participant-info\\\/#breadcrumb\",\"itemListElement\":[{\"@type\":\"ListItem\",\"position\":1,\"name\":\"Home\",\"item\":\"https:\\\/\\\/hdresearch.org\\\/\"},{\"@type\":\"ListItem\",\"position\":2,\"name\":\"Participant Info\"}]},{\"@type\":\"WebSite\",\"@id\":\"https:\\\/\\\/hdresearch.org\\\/#website\",\"url\":\"https:\\\/\\\/hdresearch.org\\\/\",\"name\":\"HD Research\",\"description\":\"Clinical research in Houston and Dallas, TX\",\"publisher\":{\"@id\":\"https:\\\/\\\/hdresearch.org\\\/#organization\"},\"potentialAction\":[{\"@type\":\"SearchAction\",\"target\":{\"@type\":\"EntryPoint\",\"urlTemplate\":\"https:\\\/\\\/hdresearch.org\\\/?s={search_term_string}\"},\"query-input\":{\"@type\":\"PropertyValueSpecification\",\"valueRequired\":true,\"valueName\":\"search_term_string\"}}],\"inLanguage\":\"es\"},{\"@type\":\"Organization\",\"@id\":\"https:\\\/\\\/hdresearch.org\\\/#organization\",\"name\":\"HD Research\",\"url\":\"https:\\\/\\\/hdresearch.org\\\/\",\"logo\":{\"@type\":\"ImageObject\",\"inLanguage\":\"es\",\"@id\":\"https:\\\/\\\/hdresearch.org\\\/#\\\/schema\\\/logo\\\/image\\\/\",\"url\":\"https:\\\/\\\/hdresearch.org\\\/wp-content\\\/uploads\\\/2020\\\/11\\\/HD-Research-LOGO-copy.webp\",\"contentUrl\":\"https:\\\/\\\/hdresearch.org\\\/wp-content\\\/uploads\\\/2020\\\/11\\\/HD-Research-LOGO-copy.webp\",\"width\":375,\"height\":363,\"caption\":\"HD Research\"},\"image\":{\"@id\":\"https:\\\/\\\/hdresearch.org\\\/#\\\/schema\\\/logo\\\/image\\\/\"}}]}<\/script>\n<!-- \/ Yoast SEO plugin. -->","yoast_head_json":{"title":"Informaci\u00f3n para participantes en ensayos cl\u00ednicos | Investigaci\u00f3n de la EH en Dallas y Houston","description":"Informaci\u00f3n para participantes de ensayos cl\u00ednicos: obtenga m\u00e1s informaci\u00f3n sobre c\u00f3mo participar en un ensayo cl\u00ednico y c\u00f3mo tomar una decisi\u00f3n sobre la inscripci\u00f3n.","robots":{"index":"index","follow":"follow","max-snippet":"max-snippet:-1","max-image-preview":"max-image-preview:large","max-video-preview":"max-video-preview:-1"},"canonical":"https:\/\/hdresearch.org\/es\/clinical-trials-participant-info\/","og_locale":"es_MX","og_type":"article","og_title":"Clinical Trials Participant Information | HD Research in Dallas and Houston","og_description":"Clinical trials participant information - Find out more about participating in a clinical trial and how to make a decision about enrolling.","og_url":"https:\/\/hdresearch.org\/es\/clinical-trials-participant-info\/","og_site_name":"HD Research","article_modified_time":"2024-12-09T20:21:29+00:00","og_image":[{"width":1000,"height":668,"url":"https:\/\/hdresearch.org\/wp-content\/uploads\/2022\/01\/AdobeStock_312932781.jpeg","type":"image\/jpeg"}],"twitter_card":"summary_large_image","twitter_misc":{"Tiempo de lectura":"3 minutos"},"schema":{"@context":"https:\/\/schema.org","@graph":[{"@type":"WebPage","@id":"https:\/\/hdresearch.org\/clinical-trials-participant-info\/","url":"https:\/\/hdresearch.org\/clinical-trials-participant-info\/","name":"Informaci\u00f3n para participantes en ensayos cl\u00ednicos | Investigaci\u00f3n de la EH en Dallas y Houston","isPartOf":{"@id":"https:\/\/hdresearch.org\/#website"},"primaryImageOfPage":{"@id":"https:\/\/hdresearch.org\/clinical-trials-participant-info\/#primaryimage"},"image":{"@id":"https:\/\/hdresearch.org\/clinical-trials-participant-info\/#primaryimage"},"thumbnailUrl":"https:\/\/hdresearch.org\/wp-content\/uploads\/2022\/01\/AdobeStock_312932781-768x513.jpeg","datePublished":"2020-11-16T19:03:09+00:00","dateModified":"2024-12-09T20:21:29+00:00","description":"Informaci\u00f3n para participantes de ensayos cl\u00ednicos: obtenga m\u00e1s informaci\u00f3n sobre c\u00f3mo participar en un ensayo cl\u00ednico y c\u00f3mo tomar una decisi\u00f3n sobre la inscripci\u00f3n.","breadcrumb":{"@id":"https:\/\/hdresearch.org\/clinical-trials-participant-info\/#breadcrumb"},"inLanguage":"es","potentialAction":[{"@type":"ReadAction","target":["https:\/\/hdresearch.org\/clinical-trials-participant-info\/"]}]},{"@type":"ImageObject","inLanguage":"es","@id":"https:\/\/hdresearch.org\/clinical-trials-participant-info\/#primaryimage","url":"https:\/\/hdresearch.org\/wp-content\/uploads\/2022\/01\/AdobeStock_312932781-768x513.jpeg","contentUrl":"https:\/\/hdresearch.org\/wp-content\/uploads\/2022\/01\/AdobeStock_312932781-768x513.jpeg"},{"@type":"BreadcrumbList","@id":"https:\/\/hdresearch.org\/clinical-trials-participant-info\/#breadcrumb","itemListElement":[{"@type":"ListItem","position":1,"name":"Home","item":"https:\/\/hdresearch.org\/"},{"@type":"ListItem","position":2,"name":"Participant Info"}]},{"@type":"WebSite","@id":"https:\/\/hdresearch.org\/#website","url":"https:\/\/hdresearch.org\/","name":"Investigaci\u00f3n en EH","description":"Investigaci\u00f3n cl\u00ednica en Houston y Dallas, TX","publisher":{"@id":"https:\/\/hdresearch.org\/#organization"},"potentialAction":[{"@type":"SearchAction","target":{"@type":"EntryPoint","urlTemplate":"https:\/\/hdresearch.org\/?s={search_term_string}"},"query-input":{"@type":"PropertyValueSpecification","valueRequired":true,"valueName":"search_term_string"}}],"inLanguage":"es"},{"@type":"Organization","@id":"https:\/\/hdresearch.org\/#organization","name":"Investigaci\u00f3n en EH","url":"https:\/\/hdresearch.org\/","logo":{"@type":"ImageObject","inLanguage":"es","@id":"https:\/\/hdresearch.org\/#\/schema\/logo\/image\/","url":"https:\/\/hdresearch.org\/wp-content\/uploads\/2020\/11\/HD-Research-LOGO-copy.webp","contentUrl":"https:\/\/hdresearch.org\/wp-content\/uploads\/2020\/11\/HD-Research-LOGO-copy.webp","width":375,"height":363,"caption":"HD Research"},"image":{"@id":"https:\/\/hdresearch.org\/#\/schema\/logo\/image\/"}}]}},"_links":{"self":[{"href":"https:\/\/hdresearch.org\/es\/wp-json\/wp\/v2\/pages\/12","targetHints":{"allow":["GET"]}}],"collection":[{"href":"https:\/\/hdresearch.org\/es\/wp-json\/wp\/v2\/pages"}],"about":[{"href":"https:\/\/hdresearch.org\/es\/wp-json\/wp\/v2\/types\/page"}],"author":[{"embeddable":true,"href":"https:\/\/hdresearch.org\/es\/wp-json\/wp\/v2\/users\/1"}],"replies":[{"embeddable":true,"href":"https:\/\/hdresearch.org\/es\/wp-json\/wp\/v2\/comments?post=12"}],"version-history":[{"count":0,"href":"https:\/\/hdresearch.org\/es\/wp-json\/wp\/v2\/pages\/12\/revisions"}],"wp:attachment":[{"href":"https:\/\/hdresearch.org\/es\/wp-json\/wp\/v2\/media?parent=12"}],"curies":[{"name":"gracias","href":"https:\/\/api.w.org\/{rel}","templated":true}]}}