{"id":276,"date":"2021-01-19T04:04:42","date_gmt":"2021-01-19T04:04:42","guid":{"rendered":"https:\/\/cpmi.wpengine.com\/?page_id=276"},"modified":"2021-06-25T19:54:49","modified_gmt":"2021-06-25T19:54:49","slug":"thank-you","status":"publish","type":"page","link":"https:\/\/hdresearch.org\/es\/covid-19-information\/covid-19-survey\/thank-you\/","title":{"rendered":"\u00a1Gracias!"},"content":{"rendered":"<div data-elementor-type=\"wp-page\" data-elementor-id=\"276\" class=\"elementor elementor-276\" data-elementor-post-type=\"page\">\n\t\t\t\t\t\t<section class=\"elementor-section elementor-top-section elementor-element elementor-element-dcd0e6b elementor-section-boxed elementor-section-height-default elementor-section-height-default\" data-id=\"dcd0e6b\" data-element_type=\"section\" data-e-type=\"section\">\n\t\t\t\t\t\t<div class=\"elementor-container elementor-column-gap-default\">\n\t\t\t\t\t<div class=\"elementor-column elementor-col-100 elementor-top-column elementor-element elementor-element-dcf4261\" data-id=\"dcf4261\" data-element_type=\"column\" data-e-type=\"column\">\n\t\t\t<div class=\"elementor-widget-wrap elementor-element-populated\">\n\t\t\t\t\t\t<div class=\"elementor-element elementor-element-859df90 elementor-widget elementor-widget-template\" data-id=\"859df90\" data-element_type=\"widget\" data-e-type=\"widget\" data-widget_type=\"template.default\">\n\t\t\t\t<div class=\"elementor-widget-container\">\n\t\t\t\t\t\t\t<div class=\"elementor-template\">\n\t\t\t\t\t<div data-elementor-type=\"page\" data-elementor-id=\"270\" class=\"elementor elementor-270\" data-elementor-post-type=\"elementor_library\">\n\t\t\t\t\t\t<section class=\"elementor-section elementor-top-section elementor-element elementor-element-658796fb elementor-section-content-middle elementor-section-boxed elementor-section-height-default elementor-section-height-default\" data-id=\"658796fb\" data-element_type=\"section\" data-e-type=\"section\">\n\t\t\t\t\t\t<div class=\"elementor-container elementor-column-gap-default\">\n\t\t\t\t\t<div class=\"elementor-column elementor-col-50 elementor-top-column elementor-element elementor-element-4289f77\" data-id=\"4289f77\" data-element_type=\"column\" data-e-type=\"column\">\n\t\t\t<div class=\"elementor-widget-wrap elementor-element-populated\">\n\t\t\t\t\t\t<div class=\"elementor-element elementor-element-2db7a2ce elementor-widget elementor-widget-image\" data-id=\"2db7a2ce\" data-element_type=\"widget\" data-e-type=\"widget\" data-widget_type=\"image.default\">\n\t\t\t\t\t\t\t\t\t\t\t\t\t\t\t<img fetchpriority=\"high\" decoding=\"async\" width=\"768\" height=\"444\" src=\"https:\/\/hdresearch.org\/wp-content\/uploads\/2021\/01\/thankyou-768x444.jpg\" class=\"attachment-medium_large size-medium_large wp-image-269\" alt=\"Group saying thank you\" srcset=\"https:\/\/hdresearch.org\/wp-content\/uploads\/2021\/01\/thankyou-768x444.jpg 768w, https:\/\/hdresearch.org\/wp-content\/uploads\/2021\/01\/thankyou-300x174.jpg 300w, https:\/\/hdresearch.org\/wp-content\/uploads\/2021\/01\/thankyou-1024x592.jpg 1024w, https:\/\/hdresearch.org\/wp-content\/uploads\/2021\/01\/thankyou-16x9.jpg 16w, https:\/\/hdresearch.org\/wp-content\/uploads\/2021\/01\/thankyou.jpg 1200w\" sizes=\"(max-width: 768px) 100vw, 768px\" \/>\t\t\t\t\t\t\t\t\t\t\t\t\t\t\t<\/div>\n\t\t\t\t\t<\/div>\n\t\t<\/div>\n\t\t\t\t<div class=\"elementor-column elementor-col-50 elementor-top-column elementor-element elementor-element-3b0d963\" data-id=\"3b0d963\" data-element_type=\"column\" data-e-type=\"column\">\n\t\t\t<div class=\"elementor-widget-wrap elementor-element-populated\">\n\t\t\t\t\t\t<div class=\"elementor-element elementor-element-64709b97 elementor-widget elementor-widget-heading\" data-id=\"64709b97\" data-element_type=\"widget\" data-e-type=\"widget\" data-widget_type=\"heading.default\">\n\t\t\t\t\t<h1 class=\"elementor-heading-title elementor-size-default\">\u00a1Gracias!<\/h1>\t\t\t\t<\/div>\n\t\t\t\t<div class=\"elementor-element elementor-element-69453986 elementor-widget elementor-widget-heading\" data-id=\"69453986\" data-element_type=\"widget\" data-e-type=\"widget\" data-widget_type=\"heading.default\">\n\t\t\t\t\t<h2 class=\"elementor-heading-title elementor-size-default\">Gracias por su inter\u00e9s en la investigaci\u00f3n sobre la COVID-19. Un representante se comunicar\u00e1 con usted pronto para brindarle m\u00e1s informaci\u00f3n si re\u00fane los requisitos para participar.<\/h2>\t\t\t\t<\/div>\n\t\t\t\t\t<\/div>\n\t\t<\/div>\n\t\t\t\t\t<\/div>\n\t\t<\/section>\n\t\t\t\t<\/div>\n\t\t\t\t<\/div>\n\t\t\t\t\t\t<\/div>\n\t\t\t\t<\/div>\n\t\t\t\t\t<\/div>\n\t\t<\/div>\n\t\t\t\t\t<\/div>\n\t\t<\/section>\n\t\t\t\t<\/div>","protected":false},"excerpt":{"rendered":"","protected":false},"author":1,"featured_media":0,"parent":275,"menu_order":0,"comment_status":"closed","ping_status":"closed","template":"","meta":{"footnotes":""},"class_list":["post-276","page","type-page","status-publish"],"yoast_head":"<!-- This site is optimized with the Yoast SEO plugin v27.5 - https:\/\/yoast.com\/product\/yoast-seo-wordpress\/ -->\n<title>Thank You! | Clinical Pharmacology of Miami<\/title>\n<meta name=\"description\" content=\"Thank you for feeling out our form. A staff member will be contacting you shortly.\" \/>\n<meta name=\"robots\" content=\"index, follow, max-snippet:-1, max-image-preview:large, max-video-preview:-1\" \/>\n<link rel=\"canonical\" href=\"https:\/\/hdresearch.org\/es\/covid-19-information\/covid-19-survey\/thank-you\/\" \/>\n<meta property=\"og:locale\" content=\"es_MX\" \/>\n<meta property=\"og:type\" content=\"article\" \/>\n<meta property=\"og:title\" content=\"Thank You! | Clinical Pharmacology of Miami\" \/>\n<meta property=\"og:description\" content=\"Thank you for feeling out our form. A staff member will be contacting you shortly.\" \/>\n<meta property=\"og:url\" content=\"https:\/\/hdresearch.org\/es\/covid-19-information\/covid-19-survey\/thank-you\/\" \/>\n<meta property=\"og:site_name\" content=\"HD Research\" \/>\n<meta property=\"article:modified_time\" content=\"2021-06-25T19:54:49+00:00\" \/>\n<meta name=\"twitter:card\" content=\"summary_large_image\" \/>\n<meta name=\"twitter:label1\" content=\"Tiempo de lectura\" \/>\n\t<meta name=\"twitter:data1\" content=\"1 minuto\" \/>\n<script type=\"application\/ld+json\" class=\"yoast-schema-graph\">{\"@context\":\"https:\\\/\\\/schema.org\",\"@graph\":[{\"@type\":\"WebPage\",\"@id\":\"https:\\\/\\\/hdresearch.org\\\/covid-19-information\\\/covid-19-survey\\\/thank-you\\\/\",\"url\":\"https:\\\/\\\/hdresearch.org\\\/covid-19-information\\\/covid-19-survey\\\/thank-you\\\/\",\"name\":\"Thank You! | Clinical Pharmacology of Miami\",\"isPartOf\":{\"@id\":\"https:\\\/\\\/hdresearch.org\\\/#website\"},\"datePublished\":\"2021-01-19T04:04:42+00:00\",\"dateModified\":\"2021-06-25T19:54:49+00:00\",\"description\":\"Thank you for feeling out our form. A staff member will be contacting you shortly.\",\"breadcrumb\":{\"@id\":\"https:\\\/\\\/hdresearch.org\\\/covid-19-information\\\/covid-19-survey\\\/thank-you\\\/#breadcrumb\"},\"inLanguage\":\"es\",\"potentialAction\":[{\"@type\":\"ReadAction\",\"target\":[\"https:\\\/\\\/hdresearch.org\\\/covid-19-information\\\/covid-19-survey\\\/thank-you\\\/\"]}]},{\"@type\":\"BreadcrumbList\",\"@id\":\"https:\\\/\\\/hdresearch.org\\\/covid-19-information\\\/covid-19-survey\\\/thank-you\\\/#breadcrumb\",\"itemListElement\":[{\"@type\":\"ListItem\",\"position\":1,\"name\":\"Home\",\"item\":\"https:\\\/\\\/hdresearch.org\\\/\"},{\"@type\":\"ListItem\",\"position\":2,\"name\":\"COVID-19 Information\",\"item\":\"https:\\\/\\\/hdresearch.org\\\/?page_id=272\"},{\"@type\":\"ListItem\",\"position\":3,\"name\":\"COVID-19 Survey\",\"item\":\"https:\\\/\\\/hdresearch.org\\\/?page_id=275\"},{\"@type\":\"ListItem\",\"position\":4,\"name\":\"Thank You!\"}]},{\"@type\":\"WebSite\",\"@id\":\"https:\\\/\\\/hdresearch.org\\\/#website\",\"url\":\"https:\\\/\\\/hdresearch.org\\\/\",\"name\":\"HD Research\",\"description\":\"Clinical research in Houston and Dallas, TX\",\"publisher\":{\"@id\":\"https:\\\/\\\/hdresearch.org\\\/#organization\"},\"potentialAction\":[{\"@type\":\"SearchAction\",\"target\":{\"@type\":\"EntryPoint\",\"urlTemplate\":\"https:\\\/\\\/hdresearch.org\\\/?s={search_term_string}\"},\"query-input\":{\"@type\":\"PropertyValueSpecification\",\"valueRequired\":true,\"valueName\":\"search_term_string\"}}],\"inLanguage\":\"es\"},{\"@type\":\"Organization\",\"@id\":\"https:\\\/\\\/hdresearch.org\\\/#organization\",\"name\":\"HD Research\",\"url\":\"https:\\\/\\\/hdresearch.org\\\/\",\"logo\":{\"@type\":\"ImageObject\",\"inLanguage\":\"es\",\"@id\":\"https:\\\/\\\/hdresearch.org\\\/#\\\/schema\\\/logo\\\/image\\\/\",\"url\":\"https:\\\/\\\/hdresearch.org\\\/wp-content\\\/uploads\\\/2020\\\/11\\\/HD-Research-LOGO-copy.webp\",\"contentUrl\":\"https:\\\/\\\/hdresearch.org\\\/wp-content\\\/uploads\\\/2020\\\/11\\\/HD-Research-LOGO-copy.webp\",\"width\":375,\"height\":363,\"caption\":\"HD Research\"},\"image\":{\"@id\":\"https:\\\/\\\/hdresearch.org\\\/#\\\/schema\\\/logo\\\/image\\\/\"}}]}<\/script>\n<!-- \/ Yoast SEO plugin. -->","yoast_head_json":{"title":"Thank You! | Clinical Pharmacology of Miami","description":"Thank you for feeling out our form. A staff member will be contacting you shortly.","robots":{"index":"index","follow":"follow","max-snippet":"max-snippet:-1","max-image-preview":"max-image-preview:large","max-video-preview":"max-video-preview:-1"},"canonical":"https:\/\/hdresearch.org\/es\/covid-19-information\/covid-19-survey\/thank-you\/","og_locale":"es_MX","og_type":"article","og_title":"Thank You! | Clinical Pharmacology of Miami","og_description":"Thank you for feeling out our form. A staff member will be contacting you shortly.","og_url":"https:\/\/hdresearch.org\/es\/covid-19-information\/covid-19-survey\/thank-you\/","og_site_name":"HD Research","article_modified_time":"2021-06-25T19:54:49+00:00","twitter_card":"summary_large_image","twitter_misc":{"Tiempo de lectura":"1 minuto"},"schema":{"@context":"https:\/\/schema.org","@graph":[{"@type":"WebPage","@id":"https:\/\/hdresearch.org\/covid-19-information\/covid-19-survey\/thank-you\/","url":"https:\/\/hdresearch.org\/covid-19-information\/covid-19-survey\/thank-you\/","name":"Thank You! | Clinical Pharmacology of Miami","isPartOf":{"@id":"https:\/\/hdresearch.org\/#website"},"datePublished":"2021-01-19T04:04:42+00:00","dateModified":"2021-06-25T19:54:49+00:00","description":"Thank you for feeling out our form. A staff member will be contacting you shortly.","breadcrumb":{"@id":"https:\/\/hdresearch.org\/covid-19-information\/covid-19-survey\/thank-you\/#breadcrumb"},"inLanguage":"es","potentialAction":[{"@type":"ReadAction","target":["https:\/\/hdresearch.org\/covid-19-information\/covid-19-survey\/thank-you\/"]}]},{"@type":"BreadcrumbList","@id":"https:\/\/hdresearch.org\/covid-19-information\/covid-19-survey\/thank-you\/#breadcrumb","itemListElement":[{"@type":"ListItem","position":1,"name":"Home","item":"https:\/\/hdresearch.org\/"},{"@type":"ListItem","position":2,"name":"COVID-19 Information","item":"https:\/\/hdresearch.org\/?page_id=272"},{"@type":"ListItem","position":3,"name":"COVID-19 Survey","item":"https:\/\/hdresearch.org\/?page_id=275"},{"@type":"ListItem","position":4,"name":"Thank You!"}]},{"@type":"WebSite","@id":"https:\/\/hdresearch.org\/#website","url":"https:\/\/hdresearch.org\/","name":"Investigaci\u00f3n en EH","description":"Investigaci\u00f3n cl\u00ednica en Houston y Dallas, TX","publisher":{"@id":"https:\/\/hdresearch.org\/#organization"},"potentialAction":[{"@type":"SearchAction","target":{"@type":"EntryPoint","urlTemplate":"https:\/\/hdresearch.org\/?s={search_term_string}"},"query-input":{"@type":"PropertyValueSpecification","valueRequired":true,"valueName":"search_term_string"}}],"inLanguage":"es"},{"@type":"Organization","@id":"https:\/\/hdresearch.org\/#organization","name":"Investigaci\u00f3n en EH","url":"https:\/\/hdresearch.org\/","logo":{"@type":"ImageObject","inLanguage":"es","@id":"https:\/\/hdresearch.org\/#\/schema\/logo\/image\/","url":"https:\/\/hdresearch.org\/wp-content\/uploads\/2020\/11\/HD-Research-LOGO-copy.webp","contentUrl":"https:\/\/hdresearch.org\/wp-content\/uploads\/2020\/11\/HD-Research-LOGO-copy.webp","width":375,"height":363,"caption":"HD Research"},"image":{"@id":"https:\/\/hdresearch.org\/#\/schema\/logo\/image\/"}}]}},"_links":{"self":[{"href":"https:\/\/hdresearch.org\/es\/wp-json\/wp\/v2\/pages\/276","targetHints":{"allow":["GET"]}}],"collection":[{"href":"https:\/\/hdresearch.org\/es\/wp-json\/wp\/v2\/pages"}],"about":[{"href":"https:\/\/hdresearch.org\/es\/wp-json\/wp\/v2\/types\/page"}],"author":[{"embeddable":true,"href":"https:\/\/hdresearch.org\/es\/wp-json\/wp\/v2\/users\/1"}],"replies":[{"embeddable":true,"href":"https:\/\/hdresearch.org\/es\/wp-json\/wp\/v2\/comments?post=276"}],"version-history":[{"count":0,"href":"https:\/\/hdresearch.org\/es\/wp-json\/wp\/v2\/pages\/276\/revisions"}],"up":[{"embeddable":true,"href":"https:\/\/hdresearch.org\/es\/wp-json\/wp\/v2\/pages\/275"}],"wp:attachment":[{"href":"https:\/\/hdresearch.org\/es\/wp-json\/wp\/v2\/media?parent=276"}],"curies":[{"name":"gracias","href":"https:\/\/api.w.org\/{rel}","templated":true}]}}