{"id":606,"date":"2022-03-31T17:58:07","date_gmt":"2022-03-31T17:58:07","guid":{"rendered":"https:\/\/hdresearch.org\/?page_id=606"},"modified":"2023-08-17T20:25:16","modified_gmt":"2023-08-17T20:25:16","slug":"houston-tx","status":"publish","type":"page","link":"https:\/\/hdresearch.org\/es\/studies\/houston-tx\/","title":{"rendered":"Inscripci\u00f3n de estudios en Houston, TX"},"content":{"rendered":"\t\t<div data-elementor-type=\"wp-page\" data-elementor-id=\"606\" class=\"elementor elementor-606\" data-elementor-post-type=\"page\">\n\t\t\t\t\t\t<section class=\"elementor-section elementor-top-section elementor-element elementor-element-cc0ea1b elementor-section-stretched elementor-section-height-min-height elementor-section-boxed elementor-section-height-default elementor-section-items-middle\" data-id=\"cc0ea1b\" data-element_type=\"section\" data-e-type=\"section\" data-settings=\"{&quot;stretch_section&quot;:&quot;section-stretched&quot;,&quot;background_background&quot;:&quot;classic&quot;,&quot;background_motion_fx_motion_fx_scrolling&quot;:&quot;yes&quot;,&quot;background_motion_fx_translateY_effect&quot;:&quot;yes&quot;,&quot;background_motion_fx_translateY_speed&quot;:{&quot;unit&quot;:&quot;px&quot;,&quot;size&quot;:4,&quot;sizes&quot;:[]},&quot;background_motion_fx_translateY_affectedRange&quot;:{&quot;unit&quot;:&quot;%&quot;,&quot;size&quot;:&quot;&quot;,&quot;sizes&quot;:{&quot;start&quot;:0,&quot;end&quot;:100}},&quot;background_motion_fx_devices&quot;:[&quot;desktop&quot;,&quot;tablet&quot;,&quot;mobile&quot;]}\">\n\t\t\t\t\t\t\t<div class=\"elementor-background-overlay\"><\/div>\n\t\t\t\t\t\t\t<div class=\"elementor-container elementor-column-gap-default\">\n\t\t\t\t\t<div class=\"elementor-column elementor-col-50 elementor-top-column elementor-element elementor-element-58d2d69\" data-id=\"58d2d69\" data-element_type=\"column\" data-e-type=\"column\">\n\t\t\t<div class=\"elementor-widget-wrap elementor-element-populated\">\n\t\t\t\t\t\t<div class=\"elementor-element elementor-element-57bd198 elementor-widget elementor-widget-heading\" data-id=\"57bd198\" data-element_type=\"widget\" data-e-type=\"widget\" data-widget_type=\"heading.default\">\n\t\t\t\t<div class=\"elementor-widget-container\">\n\t\t\t\t\t<h1 class=\"elementor-heading-title elementor-size-default\">Enrolling Studies in Houston, TX<\/h1>\t\t\t\t<\/div>\n\t\t\t\t<\/div>\n\t\t\t\t\t<\/div>\n\t\t<\/div>\n\t\t\t\t<div class=\"elementor-column elementor-col-50 elementor-top-column elementor-element elementor-element-1e15f62\" data-id=\"1e15f62\" data-element_type=\"column\" data-e-type=\"column\">\n\t\t\t<div class=\"elementor-widget-wrap\">\n\t\t\t\t\t\t\t<\/div>\n\t\t<\/div>\n\t\t\t\t\t<\/div>\n\t\t<\/section>\n\t\t\t\t<section class=\"elementor-section elementor-top-section elementor-element elementor-element-184863f elementor-section-full_width elementor-reverse-mobile elementor-section-height-default elementor-section-height-default\" data-id=\"184863f\" data-element_type=\"section\" data-e-type=\"section\">\n\t\t\t\t\t\t<div class=\"elementor-container elementor-column-gap-default\">\n\t\t\t\t\t<div class=\"elementor-column elementor-col-50 elementor-top-column elementor-element elementor-element-958bb92\" data-id=\"958bb92\" data-element_type=\"column\" data-e-type=\"column\">\n\t\t\t<div class=\"elementor-widget-wrap elementor-element-populated\">\n\t\t\t\t\t\t<div class=\"elementor-element elementor-element-3638e37 elementor-widget elementor-widget-html\" data-id=\"3638e37\" data-element_type=\"widget\" data-e-type=\"widget\" data-widget_type=\"html.default\">\n\t\t\t\t<div class=\"elementor-widget-container\">\n\t\t\t\t\t<a href=\"https:\/\/www.facebook.com\/HDResearchCorp\" target=\"_BLANK\"><i class=\"fa fa-facebook\" style=\"font-size:24px;\"><\/i><\/a>\t\t\t\t<\/div>\n\t\t\t\t<\/div>\n\t\t\t\t<div class=\"elementor-element elementor-element-fad93eb elementor-widget elementor-widget-google_maps\" data-id=\"fad93eb\" data-element_type=\"widget\" data-e-type=\"widget\" data-widget_type=\"google_maps.default\">\n\t\t\t\t<div class=\"elementor-widget-container\">\n\t\t\t\t\t\t\t<div class=\"elementor-custom-embed\">\n\t\t\t<iframe loading=\"lazy\"\n\t\t\t\t\tsrc=\"https:\/\/maps.google.com\/maps?q=1120%20Business%20Center%20Dr.%20Houston%2C%20TX%2077043&#038;t=m&#038;z=10&#038;output=embed&#038;iwloc=near\"\n\t\t\t\t\ttitle=\"1120 Business Center Dr. Houston, TX 77043\"\n\t\t\t\t\taria-label=\"1120 Business Center Dr. Houston, TX 77043\"\n\t\t\t><\/iframe>\n\t\t<\/div>\n\t\t\t\t\t\t<\/div>\n\t\t\t\t<\/div>\n\t\t\t\t<div class=\"elementor-element elementor-element-a520b4d elementor-widget elementor-widget-text-editor\" data-id=\"a520b4d\" data-element_type=\"widget\" data-e-type=\"widget\" data-widget_type=\"text-editor.default\">\n\t\t\t\t<div class=\"elementor-widget-container\">\n\t\t\t\t\t\t\t\t\t<h3><strong>Memorial Herman Village (MHV)<\/strong><\/h3><p><i class=\"fas fa-map-marker-alt\" aria-hidden=\"true\"><\/i> <a href=\"https:\/\/www.google.com\/maps\/place\/Memorial+Hermann+Surgery+Center+Memorial+Village\/@29.789341,-95.5694167,17z\/data=!4m6!3m5!1s0x8640c4adbdda477f:0x438b5bd72b789820!8m2!3d29.7893364!4d-95.5668418!16s%2Fg%2F1thgbvdf?entry=ttu\" target=\"_blank\" rel=\"noopener\"> 1120 Business Center Dr. Suite 300,<br \/>Houston, TX 77043<br \/><\/a><\/p><p><i class=\"fas fa-phone\" aria-hidden=\"true\"><\/i> <a href=\"tel:281-369-5765\" target=\"_blank\" rel=\"noopener\">281-369-5765<\/a><\/p>\t\t\t\t\t\t\t\t<\/div>\n\t\t\t\t<\/div>\n\t\t\t\t\t<\/div>\n\t\t<\/div>\n\t\t\t\t<div class=\"elementor-column elementor-col-50 elementor-top-column elementor-element elementor-element-64bee47\" data-id=\"64bee47\" data-element_type=\"column\" data-e-type=\"column\">\n\t\t\t<div class=\"elementor-widget-wrap elementor-element-populated\">\n\t\t\t\t\t\t<div class=\"elementor-element elementor-element-954c7ea elementor-widget elementor-widget-text-editor\" data-id=\"954c7ea\" data-element_type=\"widget\" data-e-type=\"widget\" data-widget_type=\"text-editor.default\">\n\t\t\t\t<div class=\"elementor-widget-container\">\n\t\t\t\t\t\t\t\t\t<p><script id=\"rtembed\" type=\"text\/javascript\" src=\"https:\/\/realtime-host01.com\/erg-hd\/web\/v1\/embed?location=70&#038;scrollOffset=200&#038;referrer=Direct%20Visit\" ><\/script><\/p>\t\t\t\t\t\t\t\t<\/div>\n\t\t\t\t<\/div>\n\t\t\t\t\t<\/div>\n\t\t<\/div>\n\t\t\t\t\t<\/div>\n\t\t<\/section>\n\t\t\t\t<\/div>\n\t\t","protected":false},"excerpt":{"rendered":"<p>Memorial Herman Village (MHV) 1120 Business Center Dr. Suite 300, Houston, TX 77043 281-369-5765<\/p>","protected":false},"author":1,"featured_media":0,"parent":18,"menu_order":0,"comment_status":"closed","ping_status":"closed","template":"","meta":{"footnotes":""},"class_list":["post-606","page","type-page","status-publish"],"yoast_head":"<!-- This site is optimized with the Yoast SEO plugin v27.3 - https:\/\/yoast.com\/product\/yoast-seo-wordpress\/ -->\n<title>Enrolling Studies in Houston, TX - HD Research<\/title>\n<meta name=\"robots\" content=\"index, follow, max-snippet:-1, max-image-preview:large, max-video-preview:-1\" \/>\n<link rel=\"canonical\" href=\"https:\/\/hdresearch.org\/es\/studies\/houston-tx\/\" \/>\n<meta property=\"og:locale\" content=\"es_MX\" \/>\n<meta property=\"og:type\" content=\"article\" \/>\n<meta property=\"og:title\" content=\"Enrolling Studies in Houston, TX - HD Research\" \/>\n<meta property=\"og:description\" content=\"Memorial Herman Village (MHV) 1120 Business Center Dr. Suite 300, Houston, TX 77043 281-369-5765\" \/>\n<meta property=\"og:url\" content=\"https:\/\/hdresearch.org\/es\/studies\/houston-tx\/\" \/>\n<meta property=\"og:site_name\" content=\"HD Research\" \/>\n<meta property=\"article:modified_time\" content=\"2023-08-17T20:25:16+00:00\" \/>\n<meta name=\"twitter:card\" content=\"summary_large_image\" \/>\n<meta name=\"twitter:label1\" content=\"Tiempo de lectura\" \/>\n\t<meta name=\"twitter:data1\" content=\"1 minuto\" \/>\n<script type=\"application\/ld+json\" class=\"yoast-schema-graph\">{\"@context\":\"https:\\\/\\\/schema.org\",\"@graph\":[{\"@type\":\"WebPage\",\"@id\":\"https:\\\/\\\/hdresearch.org\\\/studies\\\/houston-tx\\\/\",\"url\":\"https:\\\/\\\/hdresearch.org\\\/studies\\\/houston-tx\\\/\",\"name\":\"Enrolling Studies in Houston, TX - HD Research\",\"isPartOf\":{\"@id\":\"https:\\\/\\\/hdresearch.org\\\/#website\"},\"datePublished\":\"2022-03-31T17:58:07+00:00\",\"dateModified\":\"2023-08-17T20:25:16+00:00\",\"breadcrumb\":{\"@id\":\"https:\\\/\\\/hdresearch.org\\\/studies\\\/houston-tx\\\/#breadcrumb\"},\"inLanguage\":\"es\",\"potentialAction\":[{\"@type\":\"ReadAction\",\"target\":[\"https:\\\/\\\/hdresearch.org\\\/studies\\\/houston-tx\\\/\"]}]},{\"@type\":\"BreadcrumbList\",\"@id\":\"https:\\\/\\\/hdresearch.org\\\/studies\\\/houston-tx\\\/#breadcrumb\",\"itemListElement\":[{\"@type\":\"ListItem\",\"position\":1,\"name\":\"Home\",\"item\":\"https:\\\/\\\/hdresearch.org\\\/\"},{\"@type\":\"ListItem\",\"position\":2,\"name\":\"Currently Enrolling Studies\",\"item\":\"https:\\\/\\\/hdresearch.org\\\/studies\\\/\"},{\"@type\":\"ListItem\",\"position\":3,\"name\":\"Enrolling Studies in Houston, TX\"}]},{\"@type\":\"WebSite\",\"@id\":\"https:\\\/\\\/hdresearch.org\\\/#website\",\"url\":\"https:\\\/\\\/hdresearch.org\\\/\",\"name\":\"HD Research\",\"description\":\"Clinical research in Houston and Dallas, TX\",\"publisher\":{\"@id\":\"https:\\\/\\\/hdresearch.org\\\/#organization\"},\"potentialAction\":[{\"@type\":\"SearchAction\",\"target\":{\"@type\":\"EntryPoint\",\"urlTemplate\":\"https:\\\/\\\/hdresearch.org\\\/?s={search_term_string}\"},\"query-input\":{\"@type\":\"PropertyValueSpecification\",\"valueRequired\":true,\"valueName\":\"search_term_string\"}}],\"inLanguage\":\"es\"},{\"@type\":\"Organization\",\"@id\":\"https:\\\/\\\/hdresearch.org\\\/#organization\",\"name\":\"HD Research\",\"url\":\"https:\\\/\\\/hdresearch.org\\\/\",\"logo\":{\"@type\":\"ImageObject\",\"inLanguage\":\"es\",\"@id\":\"https:\\\/\\\/hdresearch.org\\\/#\\\/schema\\\/logo\\\/image\\\/\",\"url\":\"https:\\\/\\\/hdresearch.org\\\/wp-content\\\/uploads\\\/2020\\\/11\\\/HD-Research-LOGO-copy.webp\",\"contentUrl\":\"https:\\\/\\\/hdresearch.org\\\/wp-content\\\/uploads\\\/2020\\\/11\\\/HD-Research-LOGO-copy.webp\",\"width\":375,\"height\":363,\"caption\":\"HD Research\"},\"image\":{\"@id\":\"https:\\\/\\\/hdresearch.org\\\/#\\\/schema\\\/logo\\\/image\\\/\"}}]}<\/script>\n<!-- \/ Yoast SEO plugin. -->","yoast_head_json":{"title":"Inscripci\u00f3n a estudios en Houston, TX - HD Research","robots":{"index":"index","follow":"follow","max-snippet":"max-snippet:-1","max-image-preview":"max-image-preview:large","max-video-preview":"max-video-preview:-1"},"canonical":"https:\/\/hdresearch.org\/es\/studies\/houston-tx\/","og_locale":"es_MX","og_type":"article","og_title":"Enrolling Studies in Houston, TX - HD Research","og_description":"Memorial Herman Village (MHV) 1120 Business Center Dr. Suite 300, Houston, TX 77043 281-369-5765","og_url":"https:\/\/hdresearch.org\/es\/studies\/houston-tx\/","og_site_name":"HD Research","article_modified_time":"2023-08-17T20:25:16+00:00","twitter_card":"summary_large_image","twitter_misc":{"Tiempo de lectura":"1 minuto"},"schema":{"@context":"https:\/\/schema.org","@graph":[{"@type":"WebPage","@id":"https:\/\/hdresearch.org\/studies\/houston-tx\/","url":"https:\/\/hdresearch.org\/studies\/houston-tx\/","name":"Inscripci\u00f3n a estudios en Houston, TX - HD Research","isPartOf":{"@id":"https:\/\/hdresearch.org\/#website"},"datePublished":"2022-03-31T17:58:07+00:00","dateModified":"2023-08-17T20:25:16+00:00","breadcrumb":{"@id":"https:\/\/hdresearch.org\/studies\/houston-tx\/#breadcrumb"},"inLanguage":"es","potentialAction":[{"@type":"ReadAction","target":["https:\/\/hdresearch.org\/studies\/houston-tx\/"]}]},{"@type":"BreadcrumbList","@id":"https:\/\/hdresearch.org\/studies\/houston-tx\/#breadcrumb","itemListElement":[{"@type":"ListItem","position":1,"name":"Home","item":"https:\/\/hdresearch.org\/"},{"@type":"ListItem","position":2,"name":"Currently Enrolling Studies","item":"https:\/\/hdresearch.org\/studies\/"},{"@type":"ListItem","position":3,"name":"Enrolling Studies in Houston, TX"}]},{"@type":"WebSite","@id":"https:\/\/hdresearch.org\/#website","url":"https:\/\/hdresearch.org\/","name":"Investigaci\u00f3n en EH","description":"Investigaci\u00f3n cl\u00ednica en Houston y Dallas, TX","publisher":{"@id":"https:\/\/hdresearch.org\/#organization"},"potentialAction":[{"@type":"SearchAction","target":{"@type":"EntryPoint","urlTemplate":"https:\/\/hdresearch.org\/?s={search_term_string}"},"query-input":{"@type":"PropertyValueSpecification","valueRequired":true,"valueName":"search_term_string"}}],"inLanguage":"es"},{"@type":"Organization","@id":"https:\/\/hdresearch.org\/#organization","name":"Investigaci\u00f3n en EH","url":"https:\/\/hdresearch.org\/","logo":{"@type":"ImageObject","inLanguage":"es","@id":"https:\/\/hdresearch.org\/#\/schema\/logo\/image\/","url":"https:\/\/hdresearch.org\/wp-content\/uploads\/2020\/11\/HD-Research-LOGO-copy.webp","contentUrl":"https:\/\/hdresearch.org\/wp-content\/uploads\/2020\/11\/HD-Research-LOGO-copy.webp","width":375,"height":363,"caption":"HD Research"},"image":{"@id":"https:\/\/hdresearch.org\/#\/schema\/logo\/image\/"}}]}},"_links":{"self":[{"href":"https:\/\/hdresearch.org\/es\/wp-json\/wp\/v2\/pages\/606","targetHints":{"allow":["GET"]}}],"collection":[{"href":"https:\/\/hdresearch.org\/es\/wp-json\/wp\/v2\/pages"}],"about":[{"href":"https:\/\/hdresearch.org\/es\/wp-json\/wp\/v2\/types\/page"}],"author":[{"embeddable":true,"href":"https:\/\/hdresearch.org\/es\/wp-json\/wp\/v2\/users\/1"}],"replies":[{"embeddable":true,"href":"https:\/\/hdresearch.org\/es\/wp-json\/wp\/v2\/comments?post=606"}],"version-history":[{"count":0,"href":"https:\/\/hdresearch.org\/es\/wp-json\/wp\/v2\/pages\/606\/revisions"}],"up":[{"embeddable":true,"href":"https:\/\/hdresearch.org\/es\/wp-json\/wp\/v2\/pages\/18"}],"wp:attachment":[{"href":"https:\/\/hdresearch.org\/es\/wp-json\/wp\/v2\/media?parent=606"}],"curies":[{"name":"gracias","href":"https:\/\/api.w.org\/{rel}","templated":true}]}}