{"id":681,"date":"2023-08-18T19:21:29","date_gmt":"2023-08-18T19:21:29","guid":{"rendered":"https:\/\/hdresearch.org\/?page_id=681"},"modified":"2023-08-18T19:38:58","modified_gmt":"2023-08-18T19:38:58","slug":"dr-daunno-2","status":"publish","type":"page","link":"https:\/\/hdresearch.org\/es\/about\/our-research-team\/dr-daunno-2\/","title":{"rendered":"Doctor D&#039;Aunno"},"content":{"rendered":"<div data-elementor-type=\"wp-page\" data-elementor-id=\"681\" class=\"elementor elementor-681\" data-elementor-post-type=\"page\">\n\t\t\t\t\t\t<section class=\"elementor-section elementor-top-section elementor-element elementor-element-08df00b elementor-section-boxed elementor-section-height-default elementor-section-height-default\" data-id=\"08df00b\" data-element_type=\"section\" data-e-type=\"section\">\n\t\t\t\t\t\t<div class=\"elementor-container elementor-column-gap-wider\">\n\t\t\t\t\t<div class=\"elementor-column elementor-col-33 elementor-top-column elementor-element elementor-element-1a3caaf\" data-id=\"1a3caaf\" data-element_type=\"column\" data-e-type=\"column\">\n\t\t\t<div class=\"elementor-widget-wrap elementor-element-populated\">\n\t\t\t\t\t\t<div class=\"elementor-element elementor-element-a7f46d6 elementor-widget elementor-widget-image\" data-id=\"a7f46d6\" data-element_type=\"widget\" data-e-type=\"widget\" data-widget_type=\"image.default\">\n\t\t\t\t\t\t\t\t\t\t\t\t<figure class=\"wp-caption\">\n\t\t\t\t\t\t\t\t\t\t<img fetchpriority=\"high\" decoding=\"async\" width=\"320\" height=\"320\" src=\"https:\/\/hdresearch.org\/wp-content\/uploads\/2023\/08\/Dr.-DAunno.jpg\" class=\"attachment-medium_large size-medium_large wp-image-679\" alt=\"\" srcset=\"https:\/\/hdresearch.org\/wp-content\/uploads\/2023\/08\/Dr.-DAunno.jpg 320w, https:\/\/hdresearch.org\/wp-content\/uploads\/2023\/08\/Dr.-DAunno-300x300.jpg 300w, https:\/\/hdresearch.org\/wp-content\/uploads\/2023\/08\/Dr.-DAunno-150x150.jpg 150w\" sizes=\"(max-width: 320px) 100vw, 320px\" \/>\t\t\t\t\t\t\t\t\t\t\t<figcaption class=\"widget-image-caption wp-caption-text\">Doctor D&#039;Aunno<\/figcaption>\n\t\t\t\t\t\t\t\t\t\t<\/figure>\n\t\t\t\t\t\t\t\t\t<\/div>\n\t\t\t\t\t<\/div>\n\t\t<\/div>\n\t\t\t\t<div class=\"elementor-column elementor-col-66 elementor-top-column elementor-element elementor-element-854a387\" data-id=\"854a387\" data-element_type=\"column\" data-e-type=\"column\">\n\t\t\t<div class=\"elementor-widget-wrap elementor-element-populated\">\n\t\t\t\t\t\t<div class=\"elementor-element elementor-element-876c754 elementor-widget elementor-widget-heading\" data-id=\"876c754\" data-element_type=\"widget\" data-e-type=\"widget\" data-widget_type=\"heading.default\">\n\t\t\t\t\t<h1 class=\"elementor-heading-title elementor-size-default\">Doctor D&#039;Aunno<\/h1>\t\t\t\t<\/div>\n\t\t\t\t<div class=\"elementor-element elementor-element-c8b9f88 elementor-widget elementor-widget-heading\" data-id=\"c8b9f88\" data-element_type=\"widget\" data-e-type=\"widget\" data-widget_type=\"heading.default\">\n\t\t\t\t\t<h2 class=\"elementor-heading-title elementor-size-default\">Investigador principal<\/h2>\t\t\t\t<\/div>\n\t\t\t\t<div class=\"elementor-element elementor-element-270bd52 elementor-widget elementor-widget-text-editor\" data-id=\"270bd52\" data-element_type=\"widget\" data-e-type=\"widget\" data-widget_type=\"text-editor.default\">\n\t\t\t\t\t\t\t\t\t<p>El Dr. D&#039;Aunno es un distinguido profesional m\u00e9dico que posee una doble certificaci\u00f3n en Medicina Interna y Adicciones de la American Board. Su impresionante trayectoria acad\u00e9mica incluye un t\u00edtulo de la Facultad de Medicina de la Universidad de Texas en Houston (MD) y la Facultad de Medicina de la Universidad de Texas en Houston (BS), lo que resalta su inquebrantable compromiso con la excelencia m\u00e9dica. Como investigador experimentado, el Dr. D&#039;Aunno ha profundizado en los \u00e1mbitos del dolor, la psiquiatr\u00eda y las poblaciones con adicci\u00f3n, contribuyendo significativamente a estos campos. Esta dedicaci\u00f3n al avance del conocimiento m\u00e9dico se ve subrayada por su extenso historial de publicaciones, que incluye numerosos art\u00edculos en revistas revisadas por pares que muestran su experiencia y pasi\u00f3n por mejorar la atenci\u00f3n al paciente.<\/p>\t\t\t\t\t\t\t\t<\/div>\n\t\t\t\t\t<\/div>\n\t\t<\/div>\n\t\t\t\t\t<\/div>\n\t\t<\/section>\n\t\t\t\t<\/div>","protected":false},"excerpt":{"rendered":"<p>El investigador principal, el Dr. D&#039;Aunno, es un distinguido profesional m\u00e9dico que cuenta con una doble certificaci\u00f3n en Medicina Interna y Adicciones de la American Board. Su impresionante trayectoria acad\u00e9mica incluye un t\u00edtulo de la Facultad de Medicina de la Universidad de Texas en Houston (MD) y de la Facultad de Medicina de la Universidad de Texas en Houston (BS), lo que pone de relieve su compromiso inquebrantable con... <\/p>\n<p class=\"read-more-container\"><a title=\"Doctor D&#039;Aunno\" class=\"read-more button\" href=\"https:\/\/hdresearch.org\/es\/about\/our-research-team\/dr-daunno-2\/#more-681\" aria-label=\"Leer m\u00e1s sobre el Dr. D&#039;Aunno\">Lee mas<\/a><\/p>","protected":false},"author":7,"featured_media":0,"parent":17,"menu_order":0,"comment_status":"closed","ping_status":"closed","template":"","meta":{"footnotes":""},"class_list":["post-681","page","type-page","status-publish"],"yoast_head":"<!-- This site is optimized with the Yoast SEO plugin v27.4 - https:\/\/yoast.com\/product\/yoast-seo-wordpress\/ -->\n<title>Dr. D&#039;Aunno | HD Research in Dallas and Houston, Texas<\/title>\n<meta name=\"description\" content=\"Dr. D&#039;Aunno is the Principal Investigator at HD Research in Dallas and Houston, Texas.\" \/>\n<meta name=\"robots\" content=\"index, follow, max-snippet:-1, max-image-preview:large, max-video-preview:-1\" \/>\n<link rel=\"canonical\" href=\"https:\/\/hdresearch.org\/es\/about\/our-research-team\/dr-daunno-2\/\" \/>\n<meta property=\"og:locale\" content=\"es_MX\" \/>\n<meta property=\"og:type\" content=\"article\" \/>\n<meta property=\"og:title\" content=\"Dr. D&#039;Aunno | HD Research in Dallas and Houston, Texas\" \/>\n<meta property=\"og:description\" content=\"Dr. D&#039;Aunno is the Principal Investigator at HD Research in Dallas and Houston, Texas.\" \/>\n<meta property=\"og:url\" content=\"https:\/\/hdresearch.org\/es\/about\/our-research-team\/dr-daunno-2\/\" \/>\n<meta property=\"og:site_name\" content=\"HD Research\" \/>\n<meta property=\"article:modified_time\" content=\"2023-08-18T19:38:58+00:00\" \/>\n<meta property=\"og:image\" content=\"https:\/\/hdresearch.org\/wp-content\/uploads\/2023\/08\/Dr.-DAunno.jpg\" \/>\n<meta name=\"twitter:card\" content=\"summary_large_image\" \/>\n<meta name=\"twitter:label1\" content=\"Tiempo de lectura\" \/>\n\t<meta name=\"twitter:data1\" content=\"1 minuto\" \/>\n<script type=\"application\/ld+json\" class=\"yoast-schema-graph\">{\"@context\":\"https:\\\/\\\/schema.org\",\"@graph\":[{\"@type\":\"WebPage\",\"@id\":\"https:\\\/\\\/hdresearch.org\\\/about\\\/our-research-team\\\/dr-daunno-2\\\/\",\"url\":\"https:\\\/\\\/hdresearch.org\\\/about\\\/our-research-team\\\/dr-daunno-2\\\/\",\"name\":\"Dr. D'Aunno | HD Research in Dallas and Houston, Texas\",\"isPartOf\":{\"@id\":\"https:\\\/\\\/hdresearch.org\\\/#website\"},\"primaryImageOfPage\":{\"@id\":\"https:\\\/\\\/hdresearch.org\\\/about\\\/our-research-team\\\/dr-daunno-2\\\/#primaryimage\"},\"image\":{\"@id\":\"https:\\\/\\\/hdresearch.org\\\/about\\\/our-research-team\\\/dr-daunno-2\\\/#primaryimage\"},\"thumbnailUrl\":\"https:\\\/\\\/hdresearch.org\\\/wp-content\\\/uploads\\\/2023\\\/08\\\/Dr.-DAunno.jpg\",\"datePublished\":\"2023-08-18T19:21:29+00:00\",\"dateModified\":\"2023-08-18T19:38:58+00:00\",\"description\":\"Dr. D'Aunno is the Principal Investigator at HD Research in Dallas and Houston, Texas.\",\"breadcrumb\":{\"@id\":\"https:\\\/\\\/hdresearch.org\\\/about\\\/our-research-team\\\/dr-daunno-2\\\/#breadcrumb\"},\"inLanguage\":\"es\",\"potentialAction\":[{\"@type\":\"ReadAction\",\"target\":[\"https:\\\/\\\/hdresearch.org\\\/about\\\/our-research-team\\\/dr-daunno-2\\\/\"]}]},{\"@type\":\"ImageObject\",\"inLanguage\":\"es\",\"@id\":\"https:\\\/\\\/hdresearch.org\\\/about\\\/our-research-team\\\/dr-daunno-2\\\/#primaryimage\",\"url\":\"https:\\\/\\\/hdresearch.org\\\/wp-content\\\/uploads\\\/2023\\\/08\\\/Dr.-DAunno.jpg\",\"contentUrl\":\"https:\\\/\\\/hdresearch.org\\\/wp-content\\\/uploads\\\/2023\\\/08\\\/Dr.-DAunno.jpg\"},{\"@type\":\"BreadcrumbList\",\"@id\":\"https:\\\/\\\/hdresearch.org\\\/about\\\/our-research-team\\\/dr-daunno-2\\\/#breadcrumb\",\"itemListElement\":[{\"@type\":\"ListItem\",\"position\":1,\"name\":\"Home\",\"item\":\"https:\\\/\\\/hdresearch.org\\\/\"},{\"@type\":\"ListItem\",\"position\":2,\"name\":\"About HD Research\",\"item\":\"https:\\\/\\\/hdresearch.org\\\/about\\\/\"},{\"@type\":\"ListItem\",\"position\":3,\"name\":\"Our Team\",\"item\":\"https:\\\/\\\/hdresearch.org\\\/about\\\/our-research-team\\\/\"},{\"@type\":\"ListItem\",\"position\":4,\"name\":\"Dr. D&#8217;Aunno\"}]},{\"@type\":\"WebSite\",\"@id\":\"https:\\\/\\\/hdresearch.org\\\/#website\",\"url\":\"https:\\\/\\\/hdresearch.org\\\/\",\"name\":\"HD Research\",\"description\":\"Clinical research in Houston and Dallas, TX\",\"publisher\":{\"@id\":\"https:\\\/\\\/hdresearch.org\\\/#organization\"},\"potentialAction\":[{\"@type\":\"SearchAction\",\"target\":{\"@type\":\"EntryPoint\",\"urlTemplate\":\"https:\\\/\\\/hdresearch.org\\\/?s={search_term_string}\"},\"query-input\":{\"@type\":\"PropertyValueSpecification\",\"valueRequired\":true,\"valueName\":\"search_term_string\"}}],\"inLanguage\":\"es\"},{\"@type\":\"Organization\",\"@id\":\"https:\\\/\\\/hdresearch.org\\\/#organization\",\"name\":\"HD Research\",\"url\":\"https:\\\/\\\/hdresearch.org\\\/\",\"logo\":{\"@type\":\"ImageObject\",\"inLanguage\":\"es\",\"@id\":\"https:\\\/\\\/hdresearch.org\\\/#\\\/schema\\\/logo\\\/image\\\/\",\"url\":\"https:\\\/\\\/hdresearch.org\\\/wp-content\\\/uploads\\\/2020\\\/11\\\/HD-Research-LOGO-copy.webp\",\"contentUrl\":\"https:\\\/\\\/hdresearch.org\\\/wp-content\\\/uploads\\\/2020\\\/11\\\/HD-Research-LOGO-copy.webp\",\"width\":375,\"height\":363,\"caption\":\"HD Research\"},\"image\":{\"@id\":\"https:\\\/\\\/hdresearch.org\\\/#\\\/schema\\\/logo\\\/image\\\/\"}}]}<\/script>\n<!-- \/ Yoast SEO plugin. -->","yoast_head_json":{"title":"Dr. D&#039;Aunno | Investigaci\u00f3n sobre la EH en Dallas y Houston, Texas","description":"El Dr. D&#039;Aunno es el investigador principal de HD Research en Dallas y Houston, Texas.","robots":{"index":"index","follow":"follow","max-snippet":"max-snippet:-1","max-image-preview":"max-image-preview:large","max-video-preview":"max-video-preview:-1"},"canonical":"https:\/\/hdresearch.org\/es\/about\/our-research-team\/dr-daunno-2\/","og_locale":"es_MX","og_type":"article","og_title":"Dr. D'Aunno | HD Research in Dallas and Houston, Texas","og_description":"Dr. D'Aunno is the Principal Investigator at HD Research in Dallas and Houston, Texas.","og_url":"https:\/\/hdresearch.org\/es\/about\/our-research-team\/dr-daunno-2\/","og_site_name":"HD Research","article_modified_time":"2023-08-18T19:38:58+00:00","og_image":[{"url":"https:\/\/hdresearch.org\/wp-content\/uploads\/2023\/08\/Dr.-DAunno.jpg","type":"","width":"","height":""}],"twitter_card":"summary_large_image","twitter_misc":{"Tiempo de lectura":"1 minuto"},"schema":{"@context":"https:\/\/schema.org","@graph":[{"@type":"WebPage","@id":"https:\/\/hdresearch.org\/about\/our-research-team\/dr-daunno-2\/","url":"https:\/\/hdresearch.org\/about\/our-research-team\/dr-daunno-2\/","name":"Dr. D&#039;Aunno | Investigaci\u00f3n sobre la EH en Dallas y Houston, Texas","isPartOf":{"@id":"https:\/\/hdresearch.org\/#website"},"primaryImageOfPage":{"@id":"https:\/\/hdresearch.org\/about\/our-research-team\/dr-daunno-2\/#primaryimage"},"image":{"@id":"https:\/\/hdresearch.org\/about\/our-research-team\/dr-daunno-2\/#primaryimage"},"thumbnailUrl":"https:\/\/hdresearch.org\/wp-content\/uploads\/2023\/08\/Dr.-DAunno.jpg","datePublished":"2023-08-18T19:21:29+00:00","dateModified":"2023-08-18T19:38:58+00:00","description":"El Dr. D&#039;Aunno es el investigador principal de HD Research en Dallas y Houston, Texas.","breadcrumb":{"@id":"https:\/\/hdresearch.org\/about\/our-research-team\/dr-daunno-2\/#breadcrumb"},"inLanguage":"es","potentialAction":[{"@type":"ReadAction","target":["https:\/\/hdresearch.org\/about\/our-research-team\/dr-daunno-2\/"]}]},{"@type":"ImageObject","inLanguage":"es","@id":"https:\/\/hdresearch.org\/about\/our-research-team\/dr-daunno-2\/#primaryimage","url":"https:\/\/hdresearch.org\/wp-content\/uploads\/2023\/08\/Dr.-DAunno.jpg","contentUrl":"https:\/\/hdresearch.org\/wp-content\/uploads\/2023\/08\/Dr.-DAunno.jpg"},{"@type":"BreadcrumbList","@id":"https:\/\/hdresearch.org\/about\/our-research-team\/dr-daunno-2\/#breadcrumb","itemListElement":[{"@type":"ListItem","position":1,"name":"Home","item":"https:\/\/hdresearch.org\/"},{"@type":"ListItem","position":2,"name":"About HD Research","item":"https:\/\/hdresearch.org\/about\/"},{"@type":"ListItem","position":3,"name":"Our Team","item":"https:\/\/hdresearch.org\/about\/our-research-team\/"},{"@type":"ListItem","position":4,"name":"Dr. D&#8217;Aunno"}]},{"@type":"WebSite","@id":"https:\/\/hdresearch.org\/#website","url":"https:\/\/hdresearch.org\/","name":"Investigaci\u00f3n en EH","description":"Investigaci\u00f3n cl\u00ednica en Houston y Dallas, TX","publisher":{"@id":"https:\/\/hdresearch.org\/#organization"},"potentialAction":[{"@type":"SearchAction","target":{"@type":"EntryPoint","urlTemplate":"https:\/\/hdresearch.org\/?s={search_term_string}"},"query-input":{"@type":"PropertyValueSpecification","valueRequired":true,"valueName":"search_term_string"}}],"inLanguage":"es"},{"@type":"Organization","@id":"https:\/\/hdresearch.org\/#organization","name":"Investigaci\u00f3n en EH","url":"https:\/\/hdresearch.org\/","logo":{"@type":"ImageObject","inLanguage":"es","@id":"https:\/\/hdresearch.org\/#\/schema\/logo\/image\/","url":"https:\/\/hdresearch.org\/wp-content\/uploads\/2020\/11\/HD-Research-LOGO-copy.webp","contentUrl":"https:\/\/hdresearch.org\/wp-content\/uploads\/2020\/11\/HD-Research-LOGO-copy.webp","width":375,"height":363,"caption":"HD Research"},"image":{"@id":"https:\/\/hdresearch.org\/#\/schema\/logo\/image\/"}}]}},"_links":{"self":[{"href":"https:\/\/hdresearch.org\/es\/wp-json\/wp\/v2\/pages\/681","targetHints":{"allow":["GET"]}}],"collection":[{"href":"https:\/\/hdresearch.org\/es\/wp-json\/wp\/v2\/pages"}],"about":[{"href":"https:\/\/hdresearch.org\/es\/wp-json\/wp\/v2\/types\/page"}],"author":[{"embeddable":true,"href":"https:\/\/hdresearch.org\/es\/wp-json\/wp\/v2\/users\/7"}],"replies":[{"embeddable":true,"href":"https:\/\/hdresearch.org\/es\/wp-json\/wp\/v2\/comments?post=681"}],"version-history":[{"count":0,"href":"https:\/\/hdresearch.org\/es\/wp-json\/wp\/v2\/pages\/681\/revisions"}],"up":[{"embeddable":true,"href":"https:\/\/hdresearch.org\/es\/wp-json\/wp\/v2\/pages\/17"}],"wp:attachment":[{"href":"https:\/\/hdresearch.org\/es\/wp-json\/wp\/v2\/media?parent=681"}],"curies":[{"name":"gracias","href":"https:\/\/api.w.org\/{rel}","templated":true}]}}