{"id":683,"date":"2023-08-18T19:23:37","date_gmt":"2023-08-18T19:23:37","guid":{"rendered":"https:\/\/hdresearch.org\/?page_id=683"},"modified":"2024-03-20T03:52:59","modified_gmt":"2024-03-20T03:52:59","slug":"lauren-howard-2","status":"publish","type":"page","link":"https:\/\/hdresearch.org\/es\/about\/our-research-team\/lauren-howard-2\/","title":{"rendered":"Lauren Howard"},"content":{"rendered":"<div data-elementor-type=\"wp-page\" data-elementor-id=\"683\" class=\"elementor elementor-683\" data-elementor-post-type=\"page\">\n\t\t\t\t\t\t<section class=\"elementor-section elementor-top-section elementor-element elementor-element-08df00b elementor-section-boxed elementor-section-height-default elementor-section-height-default\" data-id=\"08df00b\" data-element_type=\"section\" data-e-type=\"section\">\n\t\t\t\t\t\t<div class=\"elementor-container elementor-column-gap-wider\">\n\t\t\t\t\t<div class=\"elementor-column elementor-col-33 elementor-top-column elementor-element elementor-element-1a3caaf\" data-id=\"1a3caaf\" data-element_type=\"column\" data-e-type=\"column\">\n\t\t\t<div class=\"elementor-widget-wrap elementor-element-populated\">\n\t\t\t\t\t\t<div class=\"elementor-element elementor-element-a7f46d6 elementor-widget elementor-widget-image\" data-id=\"a7f46d6\" data-element_type=\"widget\" data-e-type=\"widget\" data-widget_type=\"image.default\">\n\t\t\t\t\t\t\t\t\t\t\t\t<figure class=\"wp-caption\">\n\t\t\t\t\t\t\t\t\t\t<img fetchpriority=\"high\" decoding=\"async\" width=\"768\" height=\"1103\" src=\"https:\/\/hdresearch.org\/wp-content\/uploads\/2024\/03\/Lauren-Howard-768x1103.png\" class=\"attachment-medium_large size-medium_large wp-image-757\" alt=\"\" srcset=\"https:\/\/hdresearch.org\/wp-content\/uploads\/2024\/03\/Lauren-Howard-768x1103.png 768w, https:\/\/hdresearch.org\/wp-content\/uploads\/2024\/03\/Lauren-Howard-209x300.png 209w, https:\/\/hdresearch.org\/wp-content\/uploads\/2024\/03\/Lauren-Howard-713x1024.png 713w, https:\/\/hdresearch.org\/wp-content\/uploads\/2024\/03\/Lauren-Howard-1069x1536.png 1069w, https:\/\/hdresearch.org\/wp-content\/uploads\/2024\/03\/Lauren-Howard.png 1170w\" sizes=\"(max-width: 768px) 100vw, 768px\" \/>\t\t\t\t\t\t\t\t\t\t\t<figcaption class=\"widget-image-caption wp-caption-text\">Lauren Howard<\/figcaption>\n\t\t\t\t\t\t\t\t\t\t<\/figure>\n\t\t\t\t\t\t\t\t\t<\/div>\n\t\t\t\t\t<\/div>\n\t\t<\/div>\n\t\t\t\t<div class=\"elementor-column elementor-col-66 elementor-top-column elementor-element elementor-element-854a387\" data-id=\"854a387\" data-element_type=\"column\" data-e-type=\"column\">\n\t\t\t<div class=\"elementor-widget-wrap elementor-element-populated\">\n\t\t\t\t\t\t<div class=\"elementor-element elementor-element-876c754 elementor-widget elementor-widget-heading\" data-id=\"876c754\" data-element_type=\"widget\" data-e-type=\"widget\" data-widget_type=\"heading.default\">\n\t\t\t\t\t<h1 class=\"elementor-heading-title elementor-size-default\">Lauren Howard<\/h1>\t\t\t\t<\/div>\n\t\t\t\t<div class=\"elementor-element elementor-element-c8b9f88 elementor-widget elementor-widget-heading\" data-id=\"c8b9f88\" data-element_type=\"widget\" data-e-type=\"widget\" data-widget_type=\"heading.default\">\n\t\t\t\t\t<h2 class=\"elementor-heading-title elementor-size-default\">Director\/Investigador Cl\u00ednico<\/h2>\t\t\t\t<\/div>\n\t\t\t\t<div class=\"elementor-element elementor-element-270bd52 elementor-widget elementor-widget-text-editor\" data-id=\"270bd52\" data-element_type=\"widget\" data-e-type=\"widget\" data-widget_type=\"text-editor.default\">\n\t\t\t\t\t\t\t\t\t<p>Con m\u00e1s de siete a\u00f1os de experiencia dedicada a la investigaci\u00f3n cl\u00ednica, Lauren es una profesional experimentada que ocupa el prestigioso puesto de directora regional de operaciones cl\u00ednicas. Reconocida por su excepcional liderazgo y experiencia, Lauren ha sido fundamental en la direcci\u00f3n de grandes equipos a trav\u00e9s de diversos y complejos esfuerzos cl\u00ednicos que abarcan ensayos de fase I a IV. Su h\u00e1bil gesti\u00f3n ha abarcado un espectro de \u00e1reas cr\u00edticas, incluido el dolor posoperatorio, el dolor cr\u00f3nico, la psiquiatr\u00eda, los ensayos con ni\u00f1os y adolescentes y los ensayos fundamentales de vacunas y tratamientos contra la COVID. Lauren es una fuerza impulsora en la configuraci\u00f3n del panorama de la investigaci\u00f3n cl\u00ednica, encarnando un compromiso con la excelencia y la innovaci\u00f3n que impulsa continuamente el campo hacia adelante.<\/p>\t\t\t\t\t\t\t\t<\/div>\n\t\t\t\t\t<\/div>\n\t\t<\/div>\n\t\t\t\t\t<\/div>\n\t\t<\/section>\n\t\t\t\t<\/div>","protected":false},"excerpt":{"rendered":"<p>Directora\/Investigadora cl\u00ednica Con m\u00e1s de siete a\u00f1os de experiencia dedicada a la investigaci\u00f3n cl\u00ednica, Lauren es una profesional experimentada que ocupa el prestigioso puesto de Directora Regional de Operaciones Cl\u00ednicas. Reconocida por su excepcional liderazgo y experiencia, Lauren ha sido fundamental en la direcci\u00f3n de grandes equipos a trav\u00e9s de diversos y complejos esfuerzos cl\u00ednicos que abarcan ensayos de fase I a IV. Su gesti\u00f3n experta ha\u2026 <\/p>\n<p class=\"read-more-container\"><a title=\"Lauren Howard\" class=\"read-more button\" href=\"https:\/\/hdresearch.org\/es\/about\/our-research-team\/lauren-howard-2\/#more-683\" aria-label=\"Leer m\u00e1s sobre Lauren Howard\">Lee mas<\/a><\/p>","protected":false},"author":7,"featured_media":0,"parent":17,"menu_order":0,"comment_status":"closed","ping_status":"closed","template":"","meta":{"footnotes":""},"class_list":["post-683","page","type-page","status-publish"],"yoast_head":"<!-- This site is optimized with the Yoast SEO plugin v27.4 - https:\/\/yoast.com\/product\/yoast-seo-wordpress\/ -->\n<title>Lauren Howard | HD Research in Dallas and Houston, Texas<\/title>\n<meta name=\"description\" content=\"Lauren Howard is the regional Director at HD Research in Dallas and Houston, Texas.\" \/>\n<meta name=\"robots\" content=\"index, follow, max-snippet:-1, max-image-preview:large, max-video-preview:-1\" \/>\n<link rel=\"canonical\" href=\"https:\/\/hdresearch.org\/es\/about\/our-research-team\/lauren-howard-2\/\" \/>\n<meta property=\"og:locale\" content=\"es_MX\" \/>\n<meta property=\"og:type\" content=\"article\" \/>\n<meta property=\"og:title\" content=\"Lauren Howard | HD Research in Dallas and Houston, Texas\" \/>\n<meta property=\"og:description\" content=\"Lauren Howard is the regional Director at HD Research in Dallas and Houston, Texas.\" \/>\n<meta property=\"og:url\" content=\"https:\/\/hdresearch.org\/es\/about\/our-research-team\/lauren-howard-2\/\" \/>\n<meta property=\"og:site_name\" content=\"HD Research\" \/>\n<meta property=\"article:modified_time\" content=\"2024-03-20T03:52:59+00:00\" \/>\n<meta property=\"og:image\" content=\"https:\/\/hdresearch.org\/wp-content\/uploads\/2024\/03\/Lauren-Howard-768x1103.png\" \/>\n<meta name=\"twitter:card\" content=\"summary_large_image\" \/>\n<meta name=\"twitter:label1\" content=\"Tiempo de lectura\" \/>\n\t<meta name=\"twitter:data1\" content=\"1 minuto\" \/>\n<script type=\"application\/ld+json\" class=\"yoast-schema-graph\">{\"@context\":\"https:\\\/\\\/schema.org\",\"@graph\":[{\"@type\":\"WebPage\",\"@id\":\"https:\\\/\\\/hdresearch.org\\\/about\\\/our-research-team\\\/lauren-howard-2\\\/\",\"url\":\"https:\\\/\\\/hdresearch.org\\\/about\\\/our-research-team\\\/lauren-howard-2\\\/\",\"name\":\"Lauren Howard | HD Research in Dallas and Houston, Texas\",\"isPartOf\":{\"@id\":\"https:\\\/\\\/hdresearch.org\\\/#website\"},\"primaryImageOfPage\":{\"@id\":\"https:\\\/\\\/hdresearch.org\\\/about\\\/our-research-team\\\/lauren-howard-2\\\/#primaryimage\"},\"image\":{\"@id\":\"https:\\\/\\\/hdresearch.org\\\/about\\\/our-research-team\\\/lauren-howard-2\\\/#primaryimage\"},\"thumbnailUrl\":\"https:\\\/\\\/hdresearch.org\\\/wp-content\\\/uploads\\\/2024\\\/03\\\/Lauren-Howard-768x1103.png\",\"datePublished\":\"2023-08-18T19:23:37+00:00\",\"dateModified\":\"2024-03-20T03:52:59+00:00\",\"description\":\"Lauren Howard is the regional Director at HD Research in Dallas and Houston, Texas.\",\"breadcrumb\":{\"@id\":\"https:\\\/\\\/hdresearch.org\\\/about\\\/our-research-team\\\/lauren-howard-2\\\/#breadcrumb\"},\"inLanguage\":\"es\",\"potentialAction\":[{\"@type\":\"ReadAction\",\"target\":[\"https:\\\/\\\/hdresearch.org\\\/about\\\/our-research-team\\\/lauren-howard-2\\\/\"]}]},{\"@type\":\"ImageObject\",\"inLanguage\":\"es\",\"@id\":\"https:\\\/\\\/hdresearch.org\\\/about\\\/our-research-team\\\/lauren-howard-2\\\/#primaryimage\",\"url\":\"https:\\\/\\\/hdresearch.org\\\/wp-content\\\/uploads\\\/2024\\\/03\\\/Lauren-Howard-768x1103.png\",\"contentUrl\":\"https:\\\/\\\/hdresearch.org\\\/wp-content\\\/uploads\\\/2024\\\/03\\\/Lauren-Howard-768x1103.png\"},{\"@type\":\"BreadcrumbList\",\"@id\":\"https:\\\/\\\/hdresearch.org\\\/about\\\/our-research-team\\\/lauren-howard-2\\\/#breadcrumb\",\"itemListElement\":[{\"@type\":\"ListItem\",\"position\":1,\"name\":\"Home\",\"item\":\"https:\\\/\\\/hdresearch.org\\\/\"},{\"@type\":\"ListItem\",\"position\":2,\"name\":\"About HD Research\",\"item\":\"https:\\\/\\\/hdresearch.org\\\/about\\\/\"},{\"@type\":\"ListItem\",\"position\":3,\"name\":\"Our Team\",\"item\":\"https:\\\/\\\/hdresearch.org\\\/about\\\/our-research-team\\\/\"},{\"@type\":\"ListItem\",\"position\":4,\"name\":\"Lauren Howard\"}]},{\"@type\":\"WebSite\",\"@id\":\"https:\\\/\\\/hdresearch.org\\\/#website\",\"url\":\"https:\\\/\\\/hdresearch.org\\\/\",\"name\":\"HD Research\",\"description\":\"Clinical research in Houston and Dallas, TX\",\"publisher\":{\"@id\":\"https:\\\/\\\/hdresearch.org\\\/#organization\"},\"potentialAction\":[{\"@type\":\"SearchAction\",\"target\":{\"@type\":\"EntryPoint\",\"urlTemplate\":\"https:\\\/\\\/hdresearch.org\\\/?s={search_term_string}\"},\"query-input\":{\"@type\":\"PropertyValueSpecification\",\"valueRequired\":true,\"valueName\":\"search_term_string\"}}],\"inLanguage\":\"es\"},{\"@type\":\"Organization\",\"@id\":\"https:\\\/\\\/hdresearch.org\\\/#organization\",\"name\":\"HD Research\",\"url\":\"https:\\\/\\\/hdresearch.org\\\/\",\"logo\":{\"@type\":\"ImageObject\",\"inLanguage\":\"es\",\"@id\":\"https:\\\/\\\/hdresearch.org\\\/#\\\/schema\\\/logo\\\/image\\\/\",\"url\":\"https:\\\/\\\/hdresearch.org\\\/wp-content\\\/uploads\\\/2020\\\/11\\\/HD-Research-LOGO-copy.webp\",\"contentUrl\":\"https:\\\/\\\/hdresearch.org\\\/wp-content\\\/uploads\\\/2020\\\/11\\\/HD-Research-LOGO-copy.webp\",\"width\":375,\"height\":363,\"caption\":\"HD Research\"},\"image\":{\"@id\":\"https:\\\/\\\/hdresearch.org\\\/#\\\/schema\\\/logo\\\/image\\\/\"}}]}<\/script>\n<!-- \/ Yoast SEO plugin. -->","yoast_head_json":{"title":"Lauren Howard | Investigaci\u00f3n sobre la EH en Dallas y Houston, Texas","description":"Lauren Howard es la directora regional de HD Research en Dallas y Houston, Texas.","robots":{"index":"index","follow":"follow","max-snippet":"max-snippet:-1","max-image-preview":"max-image-preview:large","max-video-preview":"max-video-preview:-1"},"canonical":"https:\/\/hdresearch.org\/es\/about\/our-research-team\/lauren-howard-2\/","og_locale":"es_MX","og_type":"article","og_title":"Lauren Howard | HD Research in Dallas and Houston, Texas","og_description":"Lauren Howard is the regional Director at HD Research in Dallas and Houston, Texas.","og_url":"https:\/\/hdresearch.org\/es\/about\/our-research-team\/lauren-howard-2\/","og_site_name":"HD Research","article_modified_time":"2024-03-20T03:52:59+00:00","og_image":[{"url":"https:\/\/hdresearch.org\/wp-content\/uploads\/2024\/03\/Lauren-Howard-768x1103.png","type":"","width":"","height":""}],"twitter_card":"summary_large_image","twitter_misc":{"Tiempo de lectura":"1 minuto"},"schema":{"@context":"https:\/\/schema.org","@graph":[{"@type":"WebPage","@id":"https:\/\/hdresearch.org\/about\/our-research-team\/lauren-howard-2\/","url":"https:\/\/hdresearch.org\/about\/our-research-team\/lauren-howard-2\/","name":"Lauren Howard | Investigaci\u00f3n sobre la EH en Dallas y Houston, Texas","isPartOf":{"@id":"https:\/\/hdresearch.org\/#website"},"primaryImageOfPage":{"@id":"https:\/\/hdresearch.org\/about\/our-research-team\/lauren-howard-2\/#primaryimage"},"image":{"@id":"https:\/\/hdresearch.org\/about\/our-research-team\/lauren-howard-2\/#primaryimage"},"thumbnailUrl":"https:\/\/hdresearch.org\/wp-content\/uploads\/2024\/03\/Lauren-Howard-768x1103.png","datePublished":"2023-08-18T19:23:37+00:00","dateModified":"2024-03-20T03:52:59+00:00","description":"Lauren Howard es la directora regional de HD Research en Dallas y Houston, Texas.","breadcrumb":{"@id":"https:\/\/hdresearch.org\/about\/our-research-team\/lauren-howard-2\/#breadcrumb"},"inLanguage":"es","potentialAction":[{"@type":"ReadAction","target":["https:\/\/hdresearch.org\/about\/our-research-team\/lauren-howard-2\/"]}]},{"@type":"ImageObject","inLanguage":"es","@id":"https:\/\/hdresearch.org\/about\/our-research-team\/lauren-howard-2\/#primaryimage","url":"https:\/\/hdresearch.org\/wp-content\/uploads\/2024\/03\/Lauren-Howard-768x1103.png","contentUrl":"https:\/\/hdresearch.org\/wp-content\/uploads\/2024\/03\/Lauren-Howard-768x1103.png"},{"@type":"BreadcrumbList","@id":"https:\/\/hdresearch.org\/about\/our-research-team\/lauren-howard-2\/#breadcrumb","itemListElement":[{"@type":"ListItem","position":1,"name":"Home","item":"https:\/\/hdresearch.org\/"},{"@type":"ListItem","position":2,"name":"About HD Research","item":"https:\/\/hdresearch.org\/about\/"},{"@type":"ListItem","position":3,"name":"Our Team","item":"https:\/\/hdresearch.org\/about\/our-research-team\/"},{"@type":"ListItem","position":4,"name":"Lauren Howard"}]},{"@type":"WebSite","@id":"https:\/\/hdresearch.org\/#website","url":"https:\/\/hdresearch.org\/","name":"Investigaci\u00f3n en EH","description":"Investigaci\u00f3n cl\u00ednica en Houston y Dallas, TX","publisher":{"@id":"https:\/\/hdresearch.org\/#organization"},"potentialAction":[{"@type":"SearchAction","target":{"@type":"EntryPoint","urlTemplate":"https:\/\/hdresearch.org\/?s={search_term_string}"},"query-input":{"@type":"PropertyValueSpecification","valueRequired":true,"valueName":"search_term_string"}}],"inLanguage":"es"},{"@type":"Organization","@id":"https:\/\/hdresearch.org\/#organization","name":"Investigaci\u00f3n en EH","url":"https:\/\/hdresearch.org\/","logo":{"@type":"ImageObject","inLanguage":"es","@id":"https:\/\/hdresearch.org\/#\/schema\/logo\/image\/","url":"https:\/\/hdresearch.org\/wp-content\/uploads\/2020\/11\/HD-Research-LOGO-copy.webp","contentUrl":"https:\/\/hdresearch.org\/wp-content\/uploads\/2020\/11\/HD-Research-LOGO-copy.webp","width":375,"height":363,"caption":"HD Research"},"image":{"@id":"https:\/\/hdresearch.org\/#\/schema\/logo\/image\/"}}]}},"_links":{"self":[{"href":"https:\/\/hdresearch.org\/es\/wp-json\/wp\/v2\/pages\/683","targetHints":{"allow":["GET"]}}],"collection":[{"href":"https:\/\/hdresearch.org\/es\/wp-json\/wp\/v2\/pages"}],"about":[{"href":"https:\/\/hdresearch.org\/es\/wp-json\/wp\/v2\/types\/page"}],"author":[{"embeddable":true,"href":"https:\/\/hdresearch.org\/es\/wp-json\/wp\/v2\/users\/7"}],"replies":[{"embeddable":true,"href":"https:\/\/hdresearch.org\/es\/wp-json\/wp\/v2\/comments?post=683"}],"version-history":[{"count":0,"href":"https:\/\/hdresearch.org\/es\/wp-json\/wp\/v2\/pages\/683\/revisions"}],"up":[{"embeddable":true,"href":"https:\/\/hdresearch.org\/es\/wp-json\/wp\/v2\/pages\/17"}],"wp:attachment":[{"href":"https:\/\/hdresearch.org\/es\/wp-json\/wp\/v2\/media?parent=683"}],"curies":[{"name":"gracias","href":"https:\/\/api.w.org\/{rel}","templated":true}]}}