{"id":99,"date":"2020-11-18T20:11:34","date_gmt":"2020-11-18T20:11:34","guid":{"rendered":"http:\/\/cpmi.wpengine.com\/?page_id=99"},"modified":"2022-01-19T21:47:13","modified_gmt":"2022-01-19T21:47:13","slug":"dr-david-leiman","status":"publish","type":"page","link":"https:\/\/hdresearch.org\/es\/about\/our-research-team\/dr-david-leiman\/","title":{"rendered":"Dr. David Leiman"},"content":{"rendered":"<div data-elementor-type=\"wp-page\" data-elementor-id=\"99\" class=\"elementor elementor-99\" data-elementor-post-type=\"page\">\n\t\t\t\t\t\t<section class=\"elementor-section elementor-top-section elementor-element elementor-element-5f1a17f elementor-section-boxed elementor-section-height-default elementor-section-height-default\" data-id=\"5f1a17f\" data-element_type=\"section\" data-e-type=\"section\">\n\t\t\t\t\t\t<div class=\"elementor-container elementor-column-gap-wider\">\n\t\t\t\t\t<div class=\"elementor-column elementor-col-33 elementor-top-column elementor-element elementor-element-3b09f28\" data-id=\"3b09f28\" data-element_type=\"column\" data-e-type=\"column\">\n\t\t\t<div class=\"elementor-widget-wrap elementor-element-populated\">\n\t\t\t\t\t\t<div class=\"elementor-element elementor-element-8ef71fd elementor-widget elementor-widget-image\" data-id=\"8ef71fd\" data-element_type=\"widget\" data-e-type=\"widget\" data-widget_type=\"image.default\">\n\t\t\t\t\t\t\t\t\t\t\t\t<figure class=\"wp-caption\">\n\t\t\t\t\t\t\t\t\t\t<img fetchpriority=\"high\" decoding=\"async\" width=\"320\" height=\"320\" src=\"https:\/\/hdresearch.org\/wp-content\/uploads\/2022\/01\/David-Leiman-1.jpeg\" class=\"attachment-medium_large size-medium_large wp-image-516\" alt=\"Dr. David Leiman\" srcset=\"https:\/\/hdresearch.org\/wp-content\/uploads\/2022\/01\/David-Leiman-1.jpeg 320w, https:\/\/hdresearch.org\/wp-content\/uploads\/2022\/01\/David-Leiman-1-300x300.jpeg 300w, https:\/\/hdresearch.org\/wp-content\/uploads\/2022\/01\/David-Leiman-1-150x150.jpeg 150w\" sizes=\"(max-width: 320px) 100vw, 320px\" \/>\t\t\t\t\t\t\t\t\t\t\t<figcaption class=\"widget-image-caption wp-caption-text\">Dr. David Leiman<\/figcaption>\n\t\t\t\t\t\t\t\t\t\t<\/figure>\n\t\t\t\t\t\t\t\t\t<\/div>\n\t\t\t\t\t<\/div>\n\t\t<\/div>\n\t\t\t\t<div class=\"elementor-column elementor-col-66 elementor-top-column elementor-element elementor-element-83d3f66\" data-id=\"83d3f66\" data-element_type=\"column\" data-e-type=\"column\">\n\t\t\t<div class=\"elementor-widget-wrap elementor-element-populated\">\n\t\t\t\t\t\t<div class=\"elementor-element elementor-element-2bb89a4 elementor-widget elementor-widget-heading\" data-id=\"2bb89a4\" data-element_type=\"widget\" data-e-type=\"widget\" data-widget_type=\"heading.default\">\n\t\t\t\t\t<h1 class=\"elementor-heading-title elementor-size-default\">Dr. David Leiman<\/h1>\t\t\t\t<\/div>\n\t\t\t\t<div class=\"elementor-element elementor-element-eb86457 elementor-widget elementor-widget-heading\" data-id=\"eb86457\" data-element_type=\"widget\" data-e-type=\"widget\" data-widget_type=\"heading.default\">\n\t\t\t\t\t<h2 class=\"elementor-heading-title elementor-size-default\">Fundador\/Director<\/h2>\t\t\t\t<\/div>\n\t\t\t\t<div class=\"elementor-element elementor-element-cb71dae elementor-widget elementor-widget-text-editor\" data-id=\"cb71dae\" data-element_type=\"widget\" data-e-type=\"widget\" data-widget_type=\"text-editor.default\">\n\t\t\t\t\t\t\t\t\tEl Dr. Leiman es un anestesi\u00f3logo certificado. El Dr. Leiman complet\u00f3 su formaci\u00f3n en la Universidad de Texas en Houston, donde recibi\u00f3 el honor de Jefe de Residentes en su \u00faltimo a\u00f1o. Tiene un inter\u00e9s especial en el control del dolor agudo y posoperatorio y tiene una cl\u00ednica dedicada al tratamiento de pacientes con s\u00edndromes de dolor posquir\u00fargico complejos. Adem\u00e1s, es un \u00e1vido investigador que ha sido el investigador principal en numerosos ensayos cl\u00ednicos. El Dr. Leiman es profesor asistente cl\u00ednico en el Departamento de Cirug\u00eda de la Universidad de Texas en Houston y fue elegido &quot;Mejor m\u00e9dico&quot; en la revista Houstonia de 2017.\t\t\t\t\t\t\t\t<\/div>\n\t\t\t\t\t<\/div>\n\t\t<\/div>\n\t\t\t\t\t<\/div>\n\t\t<\/section>\n\t\t\t\t<\/div>","protected":false},"excerpt":{"rendered":"<p>El Dr. Leiman, fundador y director, es un anestesi\u00f3logo certificado. El Dr. Leiman complet\u00f3 su formaci\u00f3n en la Universidad de Texas en Houston, donde recibi\u00f3 el honor de Jefe de Residentes en su \u00faltimo a\u00f1o. Tiene un inter\u00e9s especial en el control del dolor agudo y posoperatorio y tiene una cl\u00ednica dedicada al tratamiento de pacientes con dolor posquir\u00fargico complejo... <\/p>\n<p class=\"read-more-container\"><a title=\"Dr. David Leiman\" class=\"read-more button\" href=\"https:\/\/hdresearch.org\/es\/about\/our-research-team\/dr-david-leiman\/#more-99\" aria-label=\"Leer m\u00e1s sobre Dr. David Leiman\">Lee mas<\/a><\/p>","protected":false},"author":1,"featured_media":0,"parent":17,"menu_order":0,"comment_status":"closed","ping_status":"closed","template":"","meta":{"footnotes":""},"class_list":["post-99","page","type-page","status-publish"],"yoast_head":"<!-- This site is optimized with the Yoast SEO plugin v27.4 - https:\/\/yoast.com\/product\/yoast-seo-wordpress\/ -->\n<title>Dr. David Leiman | Clinical Pharmacology of Dallas\/Houston, Texas<\/title>\n<meta name=\"description\" content=\"Dr. David Leiman - Learn more about Dr. David Leiman, founder and owner at HD Research in Dallas and Houston, Texas.\" \/>\n<meta name=\"robots\" content=\"index, follow, max-snippet:-1, max-image-preview:large, max-video-preview:-1\" \/>\n<link rel=\"canonical\" href=\"https:\/\/hdresearch.org\/es\/about\/our-research-team\/dr-david-leiman\/\" \/>\n<meta property=\"og:locale\" content=\"es_MX\" \/>\n<meta property=\"og:type\" content=\"article\" \/>\n<meta property=\"og:title\" content=\"Dr. David Leiman | Clinical Pharmacology of Dallas\/Houston, Texas\" \/>\n<meta property=\"og:description\" content=\"Dr. David Leiman - Learn more about Dr. David Leiman, founder and owner at HD Research in Dallas and Houston, Texas.\" \/>\n<meta property=\"og:url\" content=\"https:\/\/hdresearch.org\/es\/about\/our-research-team\/dr-david-leiman\/\" \/>\n<meta property=\"og:site_name\" content=\"HD Research\" \/>\n<meta property=\"article:modified_time\" content=\"2022-01-19T21:47:13+00:00\" \/>\n<meta property=\"og:image\" content=\"https:\/\/hdresearch.wpengine.com\/wp-content\/uploads\/2022\/01\/David-Leiman-1.jpeg\" \/>\n<meta name=\"twitter:card\" content=\"summary_large_image\" \/>\n<meta name=\"twitter:label1\" content=\"Tiempo de lectura\" \/>\n\t<meta name=\"twitter:data1\" content=\"1 minuto\" \/>\n<script type=\"application\/ld+json\" class=\"yoast-schema-graph\">{\"@context\":\"https:\\\/\\\/schema.org\",\"@graph\":[{\"@type\":\"WebPage\",\"@id\":\"https:\\\/\\\/hdresearch.org\\\/about\\\/our-research-team\\\/dr-david-leiman\\\/\",\"url\":\"https:\\\/\\\/hdresearch.org\\\/about\\\/our-research-team\\\/dr-david-leiman\\\/\",\"name\":\"Dr. David Leiman | Clinical Pharmacology of Dallas\\\/Houston, Texas\",\"isPartOf\":{\"@id\":\"https:\\\/\\\/hdresearch.org\\\/#website\"},\"primaryImageOfPage\":{\"@id\":\"https:\\\/\\\/hdresearch.org\\\/about\\\/our-research-team\\\/dr-david-leiman\\\/#primaryimage\"},\"image\":{\"@id\":\"https:\\\/\\\/hdresearch.org\\\/about\\\/our-research-team\\\/dr-david-leiman\\\/#primaryimage\"},\"thumbnailUrl\":\"https:\\\/\\\/hdresearch.wpengine.com\\\/wp-content\\\/uploads\\\/2022\\\/01\\\/David-Leiman-1.jpeg\",\"datePublished\":\"2020-11-18T20:11:34+00:00\",\"dateModified\":\"2022-01-19T21:47:13+00:00\",\"description\":\"Dr. David Leiman - Learn more about Dr. David Leiman, founder and owner at HD Research in Dallas and Houston, Texas.\",\"breadcrumb\":{\"@id\":\"https:\\\/\\\/hdresearch.org\\\/about\\\/our-research-team\\\/dr-david-leiman\\\/#breadcrumb\"},\"inLanguage\":\"es\",\"potentialAction\":[{\"@type\":\"ReadAction\",\"target\":[\"https:\\\/\\\/hdresearch.org\\\/about\\\/our-research-team\\\/dr-david-leiman\\\/\"]}]},{\"@type\":\"ImageObject\",\"inLanguage\":\"es\",\"@id\":\"https:\\\/\\\/hdresearch.org\\\/about\\\/our-research-team\\\/dr-david-leiman\\\/#primaryimage\",\"url\":\"https:\\\/\\\/hdresearch.wpengine.com\\\/wp-content\\\/uploads\\\/2022\\\/01\\\/David-Leiman-1.jpeg\",\"contentUrl\":\"https:\\\/\\\/hdresearch.wpengine.com\\\/wp-content\\\/uploads\\\/2022\\\/01\\\/David-Leiman-1.jpeg\"},{\"@type\":\"BreadcrumbList\",\"@id\":\"https:\\\/\\\/hdresearch.org\\\/about\\\/our-research-team\\\/dr-david-leiman\\\/#breadcrumb\",\"itemListElement\":[{\"@type\":\"ListItem\",\"position\":1,\"name\":\"Home\",\"item\":\"https:\\\/\\\/hdresearch.org\\\/\"},{\"@type\":\"ListItem\",\"position\":2,\"name\":\"About HD Research\",\"item\":\"https:\\\/\\\/hdresearch.org\\\/about\\\/\"},{\"@type\":\"ListItem\",\"position\":3,\"name\":\"Our Team\",\"item\":\"https:\\\/\\\/hdresearch.org\\\/about\\\/our-research-team\\\/\"},{\"@type\":\"ListItem\",\"position\":4,\"name\":\"Dr. David Leiman\"}]},{\"@type\":\"WebSite\",\"@id\":\"https:\\\/\\\/hdresearch.org\\\/#website\",\"url\":\"https:\\\/\\\/hdresearch.org\\\/\",\"name\":\"HD Research\",\"description\":\"Clinical research in Houston and Dallas, TX\",\"publisher\":{\"@id\":\"https:\\\/\\\/hdresearch.org\\\/#organization\"},\"potentialAction\":[{\"@type\":\"SearchAction\",\"target\":{\"@type\":\"EntryPoint\",\"urlTemplate\":\"https:\\\/\\\/hdresearch.org\\\/?s={search_term_string}\"},\"query-input\":{\"@type\":\"PropertyValueSpecification\",\"valueRequired\":true,\"valueName\":\"search_term_string\"}}],\"inLanguage\":\"es\"},{\"@type\":\"Organization\",\"@id\":\"https:\\\/\\\/hdresearch.org\\\/#organization\",\"name\":\"HD Research\",\"url\":\"https:\\\/\\\/hdresearch.org\\\/\",\"logo\":{\"@type\":\"ImageObject\",\"inLanguage\":\"es\",\"@id\":\"https:\\\/\\\/hdresearch.org\\\/#\\\/schema\\\/logo\\\/image\\\/\",\"url\":\"https:\\\/\\\/hdresearch.org\\\/wp-content\\\/uploads\\\/2020\\\/11\\\/HD-Research-LOGO-copy.webp\",\"contentUrl\":\"https:\\\/\\\/hdresearch.org\\\/wp-content\\\/uploads\\\/2020\\\/11\\\/HD-Research-LOGO-copy.webp\",\"width\":375,\"height\":363,\"caption\":\"HD Research\"},\"image\":{\"@id\":\"https:\\\/\\\/hdresearch.org\\\/#\\\/schema\\\/logo\\\/image\\\/\"}}]}<\/script>\n<!-- \/ Yoast SEO plugin. -->","yoast_head_json":{"title":"Dr. David Leiman | Farmacolog\u00eda Cl\u00ednica de Dallas\/Houston, Texas","description":"Dr. David Leiman: Obtenga m\u00e1s informaci\u00f3n sobre el Dr. David Leiman, fundador y propietario de HD Research en Dallas y Houston, Texas.","robots":{"index":"index","follow":"follow","max-snippet":"max-snippet:-1","max-image-preview":"max-image-preview:large","max-video-preview":"max-video-preview:-1"},"canonical":"https:\/\/hdresearch.org\/es\/about\/our-research-team\/dr-david-leiman\/","og_locale":"es_MX","og_type":"article","og_title":"Dr. David Leiman | Clinical Pharmacology of Dallas\/Houston, Texas","og_description":"Dr. David Leiman - Learn more about Dr. David Leiman, founder and owner at HD Research in Dallas and Houston, Texas.","og_url":"https:\/\/hdresearch.org\/es\/about\/our-research-team\/dr-david-leiman\/","og_site_name":"HD Research","article_modified_time":"2022-01-19T21:47:13+00:00","og_image":[{"url":"https:\/\/hdresearch.wpengine.com\/wp-content\/uploads\/2022\/01\/David-Leiman-1.jpeg","type":"","width":"","height":""}],"twitter_card":"summary_large_image","twitter_misc":{"Tiempo de lectura":"1 minuto"},"schema":{"@context":"https:\/\/schema.org","@graph":[{"@type":"WebPage","@id":"https:\/\/hdresearch.org\/about\/our-research-team\/dr-david-leiman\/","url":"https:\/\/hdresearch.org\/about\/our-research-team\/dr-david-leiman\/","name":"Dr. David Leiman | Farmacolog\u00eda Cl\u00ednica de Dallas\/Houston, Texas","isPartOf":{"@id":"https:\/\/hdresearch.org\/#website"},"primaryImageOfPage":{"@id":"https:\/\/hdresearch.org\/about\/our-research-team\/dr-david-leiman\/#primaryimage"},"image":{"@id":"https:\/\/hdresearch.org\/about\/our-research-team\/dr-david-leiman\/#primaryimage"},"thumbnailUrl":"https:\/\/hdresearch.wpengine.com\/wp-content\/uploads\/2022\/01\/David-Leiman-1.jpeg","datePublished":"2020-11-18T20:11:34+00:00","dateModified":"2022-01-19T21:47:13+00:00","description":"Dr. David Leiman: Obtenga m\u00e1s informaci\u00f3n sobre el Dr. David Leiman, fundador y propietario de HD Research en Dallas y Houston, Texas.","breadcrumb":{"@id":"https:\/\/hdresearch.org\/about\/our-research-team\/dr-david-leiman\/#breadcrumb"},"inLanguage":"es","potentialAction":[{"@type":"ReadAction","target":["https:\/\/hdresearch.org\/about\/our-research-team\/dr-david-leiman\/"]}]},{"@type":"ImageObject","inLanguage":"es","@id":"https:\/\/hdresearch.org\/about\/our-research-team\/dr-david-leiman\/#primaryimage","url":"https:\/\/hdresearch.wpengine.com\/wp-content\/uploads\/2022\/01\/David-Leiman-1.jpeg","contentUrl":"https:\/\/hdresearch.wpengine.com\/wp-content\/uploads\/2022\/01\/David-Leiman-1.jpeg"},{"@type":"BreadcrumbList","@id":"https:\/\/hdresearch.org\/about\/our-research-team\/dr-david-leiman\/#breadcrumb","itemListElement":[{"@type":"ListItem","position":1,"name":"Home","item":"https:\/\/hdresearch.org\/"},{"@type":"ListItem","position":2,"name":"About HD Research","item":"https:\/\/hdresearch.org\/about\/"},{"@type":"ListItem","position":3,"name":"Our Team","item":"https:\/\/hdresearch.org\/about\/our-research-team\/"},{"@type":"ListItem","position":4,"name":"Dr. David Leiman"}]},{"@type":"WebSite","@id":"https:\/\/hdresearch.org\/#website","url":"https:\/\/hdresearch.org\/","name":"Investigaci\u00f3n en EH","description":"Investigaci\u00f3n cl\u00ednica en Houston y Dallas, TX","publisher":{"@id":"https:\/\/hdresearch.org\/#organization"},"potentialAction":[{"@type":"SearchAction","target":{"@type":"EntryPoint","urlTemplate":"https:\/\/hdresearch.org\/?s={search_term_string}"},"query-input":{"@type":"PropertyValueSpecification","valueRequired":true,"valueName":"search_term_string"}}],"inLanguage":"es"},{"@type":"Organization","@id":"https:\/\/hdresearch.org\/#organization","name":"Investigaci\u00f3n en EH","url":"https:\/\/hdresearch.org\/","logo":{"@type":"ImageObject","inLanguage":"es","@id":"https:\/\/hdresearch.org\/#\/schema\/logo\/image\/","url":"https:\/\/hdresearch.org\/wp-content\/uploads\/2020\/11\/HD-Research-LOGO-copy.webp","contentUrl":"https:\/\/hdresearch.org\/wp-content\/uploads\/2020\/11\/HD-Research-LOGO-copy.webp","width":375,"height":363,"caption":"HD Research"},"image":{"@id":"https:\/\/hdresearch.org\/#\/schema\/logo\/image\/"}}]}},"_links":{"self":[{"href":"https:\/\/hdresearch.org\/es\/wp-json\/wp\/v2\/pages\/99","targetHints":{"allow":["GET"]}}],"collection":[{"href":"https:\/\/hdresearch.org\/es\/wp-json\/wp\/v2\/pages"}],"about":[{"href":"https:\/\/hdresearch.org\/es\/wp-json\/wp\/v2\/types\/page"}],"author":[{"embeddable":true,"href":"https:\/\/hdresearch.org\/es\/wp-json\/wp\/v2\/users\/1"}],"replies":[{"embeddable":true,"href":"https:\/\/hdresearch.org\/es\/wp-json\/wp\/v2\/comments?post=99"}],"version-history":[{"count":0,"href":"https:\/\/hdresearch.org\/es\/wp-json\/wp\/v2\/pages\/99\/revisions"}],"up":[{"embeddable":true,"href":"https:\/\/hdresearch.org\/es\/wp-json\/wp\/v2\/pages\/17"}],"wp:attachment":[{"href":"https:\/\/hdresearch.org\/es\/wp-json\/wp\/v2\/media?parent=99"}],"curies":[{"name":"gracias","href":"https:\/\/api.w.org\/{rel}","templated":true}]}}